{"id":1364,"date":"2023-02-28T11:57:20","date_gmt":"2023-02-28T10:57:20","guid":{"rendered":"https:\/\/www.digitaltransformation.rw.fau.eu\/?page_id=1364"},"modified":"2026-04-02T12:07:27","modified_gmt":"2026-04-02T10:07:27","slug":"contact","status":"publish","type":"page","link":"https:\/\/www.digitaltransformation.rw.fau.eu\/de\/contact\/","title":{"rendered":"Kontakt"},"content":{"rendered":"\n<div class=\"fau-person person sidebar thumb-size-small\" itemscope itemtype=\"http:\/\/schema.org\/Person\">\n<div class=\"side\"><div class=\"row\">\n<div class=\"person-sidebar\">\n<h3><a href=\"https:\/\/www.digitaltransformation.rw.fau.eu\/de\/person\/chair-of-digital-transformation-bits-to-energy-lab\/\"><span itemprop=\"name\">Lehrstuhl f\u00fcr Digitale Transformation: Bits to Energy Lab<\/span><\/a><\/h3>\n<div class=\"person-info\"><address itemprop=\"address\" itemscope itemtype=\"http:\/\/schema.org\/PostalAddress\"><span itemprop=\"streetAddress\">F\u00fcrther Stra\u00dfe 248<\/span><br><span class=\"person-info-city\"><span itemprop=\"postalCode\">90429<\/span> <span itemprop=\"addressLocality\">N\u00fcrnberg<\/span><\/span><br><span itemprop=\"addressCountry\">Deutschland<\/span><\/address><ul class=\"contactlist\"><li class=\"person-info-phone telephone\"><span class=\"screen-reader-text\">Telefon: <\/span><a itemprop=\"telephone\" href=\"tel:+499115302-96411\">+499115302-96411<\/a><\/li><li class=\"person-info-email email\"><span class=\"screen-reader-text\">E-Mail: <\/span><a itemprop=\"email\" href=\"mailto:julia.neukam@fau.de\">julia.neukam@fau.de<\/a><\/li><\/ul><\/div><\/div><!-- \/sidebar --><\/div><!-- \/row --><\/div><!-- \/side --><\/div><!-- \/fau-person -->\n\n\n\n<figure class=\"wp-block-image size-large is-style-large has-overlay\"><div class=\"image-wrapper\"><img loading=\"lazy\" decoding=\"async\" src=\"https:\/\/www.digitaltransformation.rw.fau.eu\/files\/2026\/04\/180604_Anfahrtsbeschreibung_EN_WEB-722x1024.jpg\" alt=\"\" class=\"wp-image-3443 tall-image\" srcset=\"https:\/\/www.digitaltransformation.rw.fau.eu\/files\/2026\/04\/180604_Anfahrtsbeschreibung_EN_WEB-722x1024.jpg 722w, https:\/\/www.digitaltransformation.rw.fau.eu\/files\/2026\/04\/180604_Anfahrtsbeschreibung_EN_WEB-211x300.jpg 211w, https:\/\/www.digitaltransformation.rw.fau.eu\/files\/2026\/04\/180604_Anfahrtsbeschreibung_EN_WEB-768x1089.jpg 768w, https:\/\/www.digitaltransformation.rw.fau.eu\/files\/2026\/04\/180604_Anfahrtsbeschreibung_EN_WEB-1083x1536.jpg 1083w, https:\/\/www.digitaltransformation.rw.fau.eu\/files\/2026\/04\/180604_Anfahrtsbeschreibung_EN_WEB.jpg 1166w\" \/><button class=\"image-fullscreen-btn\" onclick=\"openImageFullscreen('https:\/\/www.digitaltransformation.rw.fau.eu\/files\/2026\/04\/180604_Anfahrtsbeschreibung_EN_WEB.jpg')\">\u26f6<\/button><\/div><\/figure>\n\n\n<div class=\"alert clearfix clear alert-default \" title=\"\">\n\n<p><strong>Bitte beachten:<\/strong>&nbsp;Der Eingang befindet sich nicht auf der Seite zur F\u00fcrther Stra\u00dfe hin sondern im Innenhof! Bitte benutzen Sie NICHT den Eingang vom T\u00dcV oder Energie Campus.<\/p>\n\n<\/div>\n\n\n<h2 class=\"wp-block-heading\">Anfahrtsbeschreibung<\/h2>\n\n\n\n<h5 class=\"wp-block-heading\"><strong>Anfahrt mit dem Auto \/ Zu Fu\u00df:<\/strong><\/h5>\n\n\n\n<ol class=\"wp-block-list\">\n<li><strong>Haupteinfahrt:<\/strong>&nbsp;Fahren oder gehen Sie \u00fcber die Haupteinfahrt der F\u00fcrther Stra\u00dfe 244\u2013248 auf das \u201eAuf AEG\u201c-Gel\u00e4nde.<\/li>\n\n\n\n<li><strong>Der Innenhof:<\/strong>&nbsp;Sobald Sie auf dem Gel\u00e4nde sind, befinden Sie sich in einem gro\u00dfen Innenhof. Das Geb\u00e4ude 248 liegt direkt zu Ihrer Linken (wenn Sie von der F\u00fcrther Stra\u00dfe kommen).<\/li>\n\n\n\n<li><strong>Eingang 1 (Richtig):<\/strong>&nbsp;Nutzen Sie den&nbsp;<strong>ersten Eingang<\/strong>&nbsp;des Geb\u00e4udes 248 auf der linken Seite. Dieser ist als&nbsp;<strong>\u201eEingang 1\u201c<\/strong>&nbsp;gekennzeichnet. Hier finden Sie unser Klingelschild und den Zugang zum B\u00fcro.<\/li>\n\n\n\n<li><strong>Vorsicht Verwechslungsgefahr:<\/strong>&nbsp;Bitte gehen Sie&nbsp;<strong>nicht weiter zu Eingang 2<\/strong>. Dieser liegt tiefer im Hof (Richtung Energie Campus \/ T\u00dcV) und f\u00fchrt nicht direkt zu unseren R\u00e4umlichkeiten.<\/li>\n<\/ol>\n\n\n\n<h5 class=\"wp-block-heading\"><strong>\u00d6ffentliche Verkehrsmittel:<\/strong><\/h5>\n\n\n\n<ul class=\"wp-block-list\">\n<li>Nehmen Sie die&nbsp;<strong>U1 bis Haltestelle \u201eEberhardshof\u201c<\/strong>.<\/li>\n\n\n\n<li>Nutzen Sie den&nbsp;<strong>Ausgang \u201eRaabstra\u00dfe\u201c<\/strong>.<\/li>\n\n\n\n<li>\u00dcberqueren Sie die F\u00fcrther Stra\u00dfe und betreten Sie das Gel\u00e4nde durch das gro\u00dfe Tor (zwischen den Hausnummern 244 und 248).<\/li>\n\n\n\n<li>Das Geb\u00e4ude zu Ihrer Linken ist die Nummer 248. Nutzen Sie den ersten Eingang (<strong>Eingang 1<\/strong>).<\/li>\n<\/ul>\n\n\n\n<p><\/p>\n","protected":false},"excerpt":{"rendered":"<p>Anfahrtsbeschreibung Anfahrt mit dem Auto \/ Zu Fu\u00df: \u00d6ffentliche Verkehrsmittel:<\/p>\n","protected":false},"author":2613,"featured_media":0,"parent":0,"menu_order":0,"comment_status":"closed","ping_status":"closed","template":"","meta":{"_rrze_cache":"enabled","_rrze_multilang_single_locale":"de_DE","_rrze_multilang_single_source":"https:\/\/www.bitstoenergy.rw.fau.de\/?page_id=54","footnotes":""},"page_category":[],"page_tag":[],"class_list":["post-1364","page","type-page","status-publish","hentry","de-DE"],"_links":{"self":[{"href":"https:\/\/www.digitaltransformation.rw.fau.eu\/wp-json\/wp\/v2\/pages\/1364","targetHints":{"allow":["GET"]}}],"collection":[{"href":"https:\/\/www.digitaltransformation.rw.fau.eu\/wp-json\/wp\/v2\/pages"}],"about":[{"href":"https:\/\/www.digitaltransformation.rw.fau.eu\/wp-json\/wp\/v2\/types\/page"}],"author":[{"embeddable":true,"href":"https:\/\/www.digitaltransformation.rw.fau.eu\/wp-json\/wp\/v2\/users\/2613"}],"replies":[{"embeddable":true,"href":"https:\/\/www.digitaltransformation.rw.fau.eu\/wp-json\/wp\/v2\/comments?post=1364"}],"version-history":[{"count":6,"href":"https:\/\/www.digitaltransformation.rw.fau.eu\/wp-json\/wp\/v2\/pages\/1364\/revisions"}],"predecessor-version":[{"id":3446,"href":"https:\/\/www.digitaltransformation.rw.fau.eu\/wp-json\/wp\/v2\/pages\/1364\/revisions\/3446"}],"wp:attachment":[{"href":"https:\/\/www.digitaltransformation.rw.fau.eu\/wp-json\/wp\/v2\/media?parent=1364"}],"wp:term":[{"taxonomy":"page_category","embeddable":true,"href":"https:\/\/www.digitaltransformation.rw.fau.eu\/wp-json\/wp\/v2\/page_category?post=1364"},{"taxonomy":"page_tag","embeddable":true,"href":"https:\/\/www.digitaltransformation.rw.fau.eu\/wp-json\/wp\/v2\/page_tag?post=1364"}],"curies":[{"name":"wp","href":"https:\/\/api.w.org\/{rel}","templated":true}]}}