{"id":1366,"date":"2023-02-28T11:06:46","date_gmt":"2023-02-28T10:06:46","guid":{"rendered":"https:\/\/www.digitaltransformation.rw.fau.eu\/?page_id=1366"},"modified":"2026-02-26T11:23:50","modified_gmt":"2026-02-26T10:23:50","slug":"education","status":"publish","type":"page","link":"https:\/\/www.digitaltransformation.rw.fau.eu\/de\/education\/","title":{"rendered":"Lehre"},"content":{"rendered":"\n<p>Mit unseren Lehrveranstaltungen wollen wir den Studierenden Fachwissen, solide methodische F\u00e4higkeiten und ein sicheres Verst\u00e4ndnis der Theorie zur L\u00f6sung realer Herausforderungen vermitteln. Daher verfolgen wir einen l\u00f6sungsorientierten Lernansatz, der Perspektiven und Methoden aus verschiedenen Disziplinen integriert, um die Probleml\u00f6sungskompetenz der Studierenden zu schulen und ihr kritisches Denken zu f\u00f6rdern. Wir wollen die Studierenden nicht nur f\u00fcr soziotechnische Herausforderungen sensibilisieren, sondern ihnen auch bewusstmachen, dass sie mit ihren F\u00e4higkeiten und ihrer Ausbildung selbst etwas bewirken k\u00f6nnen.<\/p>\n\n\n\n<nav class=\"fau-portal-menu\" aria-label=\"Portalmen\u00fc\">\n<ul id=\"menu-portal_education\" class=\"menu\">\t<li class=\"fau-portal-item\">\n\t\t<div class=\"fau-portal-thumbnail\"><img decoding=\"async\" src=\"https:\/\/www.digitaltransformation.rw.fau.eu\/files\/2026\/02\/FAU_Anna_Tiessen_202-768x512.jpg\" alt=\"Beitragsbild f\u00fcr Lehrveranstaltungen\" loading=\"lazy\"><\/div>\n\t\t<div class=\"fau-portal-wrapper\"><div class=\"fau-portal-content\">\n\t\t\t<a href=\"https:\/\/www.digitaltransformation.rw.fau.eu\/de\/education\/courses\/\">Lehrveranstaltungen<span><\/span><\/a>\n\t\t<\/div><\/div>\n\t<\/li>\n\t<li class=\"fau-portal-item\">\n\t\t<div class=\"fau-portal-thumbnail\"><img decoding=\"async\" src=\"https:\/\/www.digitaltransformation.rw.fau.eu\/files\/2026\/02\/FAU_Anna_Tiessen_03-768x549.jpg\" alt=\"Beitragsbild f\u00fcr Abschlussarbeiten\" loading=\"lazy\"><\/div>\n\t\t<div class=\"fau-portal-wrapper\"><div class=\"fau-portal-content\">\n\t\t\t<a href=\"https:\/\/www.digitaltransformation.rw.fau.eu\/de\/education\/theses\/\">Abschlussarbeiten<span><\/span><\/a>\n\t\t<\/div><\/div>\n\t<\/li>\n<\/ul><\/nav>\n","protected":false},"excerpt":{"rendered":"<p>Mit unseren Lehrveranstaltungen wollen wir den Studierenden Fachwissen, solide methodische F\u00e4higkeiten und ein sicheres Verst\u00e4ndnis der Theorie zur L\u00f6sung realer Herausforderungen vermitteln. Daher verfolgen wir einen l\u00f6sungsorientierten Lernansatz, der Perspektiven und Methoden aus verschiedenen Disziplinen integriert, um die Probleml\u00f6sungskompetenz der Studierenden zu schulen und ihr kritisches Denken zu f\u00f6rdern. Wir wollen die Studierenden nicht nur [&hellip;]<\/p>\n","protected":false},"author":2613,"featured_media":0,"parent":0,"menu_order":0,"comment_status":"closed","ping_status":"closed","template":"","meta":{"_rrze_cache":"enabled","_rrze_multilang_single_locale":"de_DE","_rrze_multilang_single_source":"https:\/\/www.bitstoenergy.rw.fau.de\/?page_id=31","footnotes":""},"page_category":[],"page_tag":[],"class_list":["post-1366","page","type-page","status-publish","hentry","de-DE"],"_links":{"self":[{"href":"https:\/\/www.digitaltransformation.rw.fau.eu\/wp-json\/wp\/v2\/pages\/1366","targetHints":{"allow":["GET"]}}],"collection":[{"href":"https:\/\/www.digitaltransformation.rw.fau.eu\/wp-json\/wp\/v2\/pages"}],"about":[{"href":"https:\/\/www.digitaltransformation.rw.fau.eu\/wp-json\/wp\/v2\/types\/page"}],"author":[{"embeddable":true,"href":"https:\/\/www.digitaltransformation.rw.fau.eu\/wp-json\/wp\/v2\/users\/2613"}],"replies":[{"embeddable":true,"href":"https:\/\/www.digitaltransformation.rw.fau.eu\/wp-json\/wp\/v2\/comments?post=1366"}],"version-history":[{"count":3,"href":"https:\/\/www.digitaltransformation.rw.fau.eu\/wp-json\/wp\/v2\/pages\/1366\/revisions"}],"predecessor-version":[{"id":3343,"href":"https:\/\/www.digitaltransformation.rw.fau.eu\/wp-json\/wp\/v2\/pages\/1366\/revisions\/3343"}],"wp:attachment":[{"href":"https:\/\/www.digitaltransformation.rw.fau.eu\/wp-json\/wp\/v2\/media?parent=1366"}],"wp:term":[{"taxonomy":"page_category","embeddable":true,"href":"https:\/\/www.digitaltransformation.rw.fau.eu\/wp-json\/wp\/v2\/page_category?post=1366"},{"taxonomy":"page_tag","embeddable":true,"href":"https:\/\/www.digitaltransformation.rw.fau.eu\/wp-json\/wp\/v2\/page_tag?post=1366"}],"curies":[{"name":"wp","href":"https:\/\/api.w.org\/{rel}","templated":true}]}}