{"id":1372,"date":"2023-03-01T11:10:13","date_gmt":"2023-03-01T10:10:13","guid":{"rendered":"https:\/\/www.digitaltransformation.rw.fau.eu\/?page_id=1372"},"modified":"2025-09-18T12:49:38","modified_gmt":"2025-09-18T10:49:38","slug":"master","status":"publish","type":"page","link":"https:\/\/www.digitaltransformation.rw.fau.eu\/de\/education\/courses\/master\/","title":{"rendered":"Master"},"content":{"rendered":"\n<p>&nbsp;<\/p>\n\n\n\n<figure class=\"wp-block-table\"><table class=\"has-fixed-layout\"><thead><tr><th>Modul<\/th><th>Titel<\/th><th>ECTS<\/th><th>Format<\/th><th>Zeitraum<\/th><\/tr><\/thead><tbody><tr><td>DAIS<\/td><td><a href=\"https:\/\/www.bitstoenergy.rw.fau.de\/education\/courses\/master\/data-analytics-for-information-systems\/\">Data Analytics for Information Systems<\/a><\/td><td>5 ECTS<\/td><td>Vorlesung + \u00dcbung<\/td><td>WS (unregelm\u00e4\u00dfig)<\/td><\/tr><tr><td>JUDMEM<\/td><td><a href=\"https:\/\/www.bitstoenergy.rw.fau.de\/education\/courses\/master\/data-analytics-for-information-systems\/\">Judgment in decision making and evidence-based management<\/a><\/td><td>5 ECTS<\/td><td>Vorlesung + \u00dcbung<\/td><td>WS (unregelm\u00e4\u00dfig)<\/td><\/tr><tr><td>DISBC<\/td><td><a href=\"https:\/\/www.bitstoenergy.rw.fau.de\/education\/courses\/master\/designing-information-systems-for-behavior-change-practical-applications\/\">Designing Information Systems for Behavior Change: Practical Applications<\/a><\/td><td>5 ECTS<\/td><td>Seminar<\/td><td>SS (unregelm\u00e4\u00dfig)<\/td><\/tr><tr><td>ISBC<\/td><td><a href=\"https:\/\/www.digitaltransformation.rw.fau.eu\/education\/courses\/master\/is-for-behavior-change-isbc\/\">IS for Behavior Change<\/a><\/td><td>5 ECTS<\/td><td>Seminar<\/td><td>SS (unregelm\u00e4\u00dfig)<\/td><\/tr><\/tbody><\/table><\/figure>\n","protected":false},"excerpt":{"rendered":"<p>&nbsp; Modul Titel ECTS Format Zeitraum DAIS Data Analytics for Information Systems 5 ECTS Vorlesung + \u00dcbung WS (unregelm\u00e4\u00dfig) JUDMEM Judgment in decision making and evidence-based management 5 ECTS Vorlesung + \u00dcbung WS (unregelm\u00e4\u00dfig) DISBC Designing Information Systems for Behavior Change: Practical Applications 5 ECTS Seminar SS (unregelm\u00e4\u00dfig) ISBC IS for Behavior Change 5 ECTS [&hellip;]<\/p>\n","protected":false},"author":2613,"featured_media":0,"parent":1368,"menu_order":1,"comment_status":"closed","ping_status":"closed","template":"page-templates\/page-subnav.php","meta":{"_rrze_cache":"enabled","_rrze_multilang_single_locale":"de_DE","_rrze_multilang_single_source":"https:\/\/www.bitstoenergy.rw.fau.de\/?page_id=131","footnotes":""},"page_category":[],"page_tag":[],"class_list":["post-1372","page","type-page","status-publish","hentry","de-DE"],"_links":{"self":[{"href":"https:\/\/www.digitaltransformation.rw.fau.eu\/wp-json\/wp\/v2\/pages\/1372","targetHints":{"allow":["GET"]}}],"collection":[{"href":"https:\/\/www.digitaltransformation.rw.fau.eu\/wp-json\/wp\/v2\/pages"}],"about":[{"href":"https:\/\/www.digitaltransformation.rw.fau.eu\/wp-json\/wp\/v2\/types\/page"}],"author":[{"embeddable":true,"href":"https:\/\/www.digitaltransformation.rw.fau.eu\/wp-json\/wp\/v2\/users\/2613"}],"replies":[{"embeddable":true,"href":"https:\/\/www.digitaltransformation.rw.fau.eu\/wp-json\/wp\/v2\/comments?post=1372"}],"version-history":[{"count":5,"href":"https:\/\/www.digitaltransformation.rw.fau.eu\/wp-json\/wp\/v2\/pages\/1372\/revisions"}],"predecessor-version":[{"id":2995,"href":"https:\/\/www.digitaltransformation.rw.fau.eu\/wp-json\/wp\/v2\/pages\/1372\/revisions\/2995"}],"up":[{"embeddable":true,"href":"https:\/\/www.digitaltransformation.rw.fau.eu\/wp-json\/wp\/v2\/pages\/1368"}],"wp:attachment":[{"href":"https:\/\/www.digitaltransformation.rw.fau.eu\/wp-json\/wp\/v2\/media?parent=1372"}],"wp:term":[{"taxonomy":"page_category","embeddable":true,"href":"https:\/\/www.digitaltransformation.rw.fau.eu\/wp-json\/wp\/v2\/page_category?post=1372"},{"taxonomy":"page_tag","embeddable":true,"href":"https:\/\/www.digitaltransformation.rw.fau.eu\/wp-json\/wp\/v2\/page_tag?post=1372"}],"curies":[{"name":"wp","href":"https:\/\/api.w.org\/{rel}","templated":true}]}}