{"id":1413,"date":"2023-02-28T13:47:58","date_gmt":"2023-02-28T12:47:58","guid":{"rendered":"https:\/\/www.digitaltransformation.rw.fau.eu\/?page_id=1413"},"modified":"2025-10-14T08:50:07","modified_gmt":"2025-10-14T06:50:07","slug":"sophie-kuhlemann","status":"publish","type":"page","link":"https:\/\/www.digitaltransformation.rw.fau.eu\/de\/team\/researchers\/sophie-kuhlemann\/","title":{"rendered":"Sophie Kuhlemann"},"content":{"rendered":"<h2><img loading=\"lazy\" decoding=\"async\" class=\"alignnone size-medium wp-image-1045\" src=\"https:\/\/www.bitstoenergy.rw.fau.de\/files\/2022\/06\/bild-200x300.jpg\" alt=\"\" srcset=\"https:\/\/www.digitaltransformation.rw.fau.eu\/files\/2022\/06\/bild-200x300.jpg 200w, https:\/\/www.digitaltransformation.rw.fau.eu\/files\/2022\/06\/bild-683x1024.jpg 683w, https:\/\/www.digitaltransformation.rw.fau.eu\/files\/2022\/06\/bild-768x1152.jpg 768w, https:\/\/www.digitaltransformation.rw.fau.eu\/files\/2022\/06\/bild-1024x1536.jpg 1024w, https:\/\/www.digitaltransformation.rw.fau.eu\/files\/2022\/06\/bild-1365x2048.jpg 1365w, https:\/\/www.digitaltransformation.rw.fau.eu\/files\/2022\/06\/bild-160x240.jpg 160w, https:\/\/www.digitaltransformation.rw.fau.eu\/files\/2022\/06\/bild-213x320.jpg 213w, https:\/\/www.digitaltransformation.rw.fau.eu\/files\/2022\/06\/bild-313x470.jpg 313w, https:\/\/www.digitaltransformation.rw.fau.eu\/files\/2022\/06\/bild-scaled.jpg 1707w\" \/><\/h2>\n<p>Sophie arbeitet seit Juni 2022 f\u00fcr das Bits to Energy Lab. Sie absolvierte einen B.A. in Iberoromanischer Philologie und Wirtschaftswissenschaften an der Universit\u00e4t W\u00fcrzburg (2014-2018) und einen M.Sc. in International Business Administration (mit Auszeichnung) an der Universit\u00e4t Wien (2019-2022). In ihrer Masterarbeit besch\u00e4ftigte sie sich mit dem Zusammenhang zwischen Unternehmenskultur und den Kinderbetreuungszeiten von V\u00e4tern. W\u00e4hrend ihres Studiums sammelte sie praktische Einblicke als Praktikantin bei der Daimler AG in Stuttgart und als Werkstudentin bei der Xing E-Recruiting GmbH in Wien.<\/p>\n<p>Sophie besch\u00e4ftigt sich mit der Anwendung von verhaltenswissenschaftlichen Erkenntnissen in der Informationssystemforschung. Ihre aktuelle Arbeit konzentriert sich auf die kognitive Entlastung von Verbrauchern durch Entscheidungsunterst\u00fctzungssysteme und Faktoren, die die Einf\u00fchrung von KI beeinflussen.<\/p>\n<h2><strong>Lehre<\/strong><\/h2>\n<ul>\n<li>Data-driven behavioral interventions for sustainability (DABIS) (WiSe 22\/23)<\/li>\n<li>Unternehmer und Unternehmen (UuU) (WiSe 22\/23)<\/li>\n<li>E-Business und E-Commerce (EBEC) (SoSe 23)<\/li>\n<li>Judgment in decision making and evidence-based management (JUDMEM) (WiSe 23\/24)<\/li>\n<li>E-Business und E-Commerce (EBEC) (WiSe 24\/25)<\/li>\n<\/ul>\n<h2>Publikationen<\/h2>\n<div>\n<div class=\"rrze-elements accordion style_default\" id=\"accordion-0\"><\/p>\n<div class=\"accordion-group\">\n<h2 class=\"accordion-heading\"><button class=\"accordion-toggle\" data-toggle=\"collapse\"  href=\"#collapse_0\" aria-expanded=\"false\" aria-controls=\"collapse_0\" id=\"collapse_button_0\"> Publications <\/button><\/h2>\n<div id=\"collapse_0\" class=\"accordion-body\" aria-labelledby=\"collapse_button_0\">\n<div class=\"accordion-inner clearfix\">\n<div class=\"cris\">\n<h3>2025<\/h3>\n<ul class=\"cris-publications \" lang=\"de\">\n<li itemscope itemtype=\"http:\/\/schema.org\/ScholarlyArticle\"><span class=\"author\" itemprop=\"author\">Kuhlemann S.<\/span>:<br \/><span class=\"title\" itemprop=\"name\"><strong><a href=\"https:\/\/cris.fau.de\/publications\/351909681?lang=de_DE\" title=\"Detailansicht in neuem Fenster &ouml;ffnen\">Self-Set Goals and Sales Performance: A Field Experiment on Goal Setting and CRM-Enabled Feedback in B2B Sales<\/a><\/strong><\/span><br \/><span itemscope itemtype=\"http:\/\/schema.org\/Event\" style=\"font-style:italic\"><span itemprop=\"name\">International Conference on Information Systems (ICIS) 2025<\/span> (<span itemprop =\"location\" itemscope itemtype=\"http:\/\/schema.org\/PostalAddress\"><span itemprop=\"name\">Nashville<\/span><\/span>, <span itemprop=\"startDate\" content=\"2025-12-14\">14. Dezember 2025<\/span> - <span itemprop=\"endDate\" content=\"2025-12-17\">17. Dezember 2025<\/span>)<\/span><br \/><span itemscope itemtype=\"http:\/\/schema.org\/Book\">In: <span itemprop=\"name\" style=\"font-weight:bold\">ICIS 2025 Proceedings<\/span> <span itemprop=\"datePublished\">2025<\/span><\/span><br \/>URL: <a href='https:\/\/aisel.aisnet.org\/icis2025\/is_transformwork\/is_transformwork\/18\/' target='blank' itemprop=\"url\">https:\/\/aisel.aisnet.org\/icis2025\/is_transformwork\/is_transformwork\/18\/<\/a><\/li>\n<\/ul>\n<h3>2024<\/h3>\n<ul class=\"cris-publications \" lang=\"de\">\n<li itemscope itemtype=\"http:\/\/schema.org\/ScholarlyArticle\"><span class=\"author\" itemprop=\"author\">Kuhlemann S.<\/span>, <span class=\"author\" itemprop=\"author\">Mehta P.<\/span>, <span class=\"author\" itemprop=\"author\">Tiefenbeck V.<\/span>:<br \/><span class=\"title\" itemprop=\"name\"><strong><a href=\"https:\/\/cris.fau.de\/publications\/329660139?lang=de_DE\" title=\"Detailansicht in neuem Fenster &ouml;ffnen\">Greener or Faster: Unraveling the Impact of Travel Time Presentation on Rail vs. Air Travel Decision-Making<\/a><\/strong><\/span><br \/><span itemscope itemtype=\"http:\/\/schema.org\/Event\" style=\"font-style:italic\"><span itemprop=\"name\">International Conference on Information Systems (ICIS) 2024<\/span> (<span itemprop =\"location\" itemscope itemtype=\"http:\/\/schema.org\/PostalAddress\"><span itemprop=\"name\">Bangkok<\/span><\/span>, <span itemprop=\"startDate\" content=\"2024-12-15\">15. Dezember 2024<\/span> - <span itemprop=\"endDate\" content=\"2024-12-18\">18. Dezember 2024<\/span>)<\/span><br \/><span itemscope itemtype=\"http:\/\/schema.org\/Book\">In: <span itemprop=\"name\" style=\"font-weight:bold\">ICIS 2024 Proceedings<\/span> <span itemprop=\"datePublished\">2024<\/span><\/span><br \/>URL: <a href='https:\/\/aisel.aisnet.org\/icis2024\/user_behav\/user_behav\/30\/' target='blank' itemprop=\"url\">https:\/\/aisel.aisnet.org\/icis2024\/user_behav\/user_behav\/30\/<\/a><\/li>\n<li itemscope itemtype=\"http:\/\/schema.org\/ScholarlyArticle\"><span class=\"author\" itemprop=\"author\">Rosenberger J.<\/span>, <span class=\"author\" itemprop=\"author\">Kuhlemann S.<\/span>, <span class=\"author\" itemprop=\"author\">Tiefenbeck V.<\/span>, <span class=\"author\" itemprop=\"author\">Kraus M.<\/span>, <span class=\"author\" itemprop=\"author\">Zschech P.<\/span>:<br \/><span class=\"title\" itemprop=\"name\"><strong><a href=\"https:\/\/cris.fau.de\/publications\/329658958?lang=de_DE\" title=\"Detailansicht in neuem Fenster &ouml;ffnen\">The Impact of Transparency in AI Systems on Users\u2019 Data-Sharing Intentions: A Scenario-Based Experiment<\/a><\/strong><\/span><br \/><span itemscope itemtype=\"http:\/\/schema.org\/Event\" style=\"font-style:italic\"><span itemprop=\"name\">19. Internationale Tagung Wirtschaftsinformatik<\/span> (<span itemprop =\"location\" itemscope itemtype=\"http:\/\/schema.org\/PostalAddress\"><span itemprop=\"name\">W\u00fcrzburg<\/span><\/span>, <span itemprop=\"startDate\" content=\"2024-09-16\">16. September 2024<\/span> - <span itemprop=\"endDate\" content=\"2024-09-19\">19. September 2024<\/span>)<\/span><br \/><span itemscope itemtype=\"http:\/\/schema.org\/Book\">In: <span itemprop=\"name\" style=\"font-weight:bold\">Wirtschaftsinformatik 2024 Proceedings<\/span> <span itemprop=\"datePublished\">2024<\/span><\/span><br \/>URL: <a href='https:\/\/aisel.aisnet.org\/wi2024\/38\/' target='blank' itemprop=\"url\">https:\/\/aisel.aisnet.org\/wi2024\/38\/<\/a><\/li>\n<\/ul>\n<\/div>\n<\/div>\n<\/div>\n<\/div>\n<div class=\"accordion-group\">\n<h2 class=\"accordion-heading\"><button class=\"accordion-toggle\" data-toggle=\"collapse\"  href=\"#collapse_1\" aria-expanded=\"false\" aria-controls=\"collapse_1\" id=\"collapse_button_1\"> Preise <\/button><\/h2>\n<div id=\"collapse_1\" class=\"accordion-body\" aria-labelledby=\"collapse_button_1\">\n<div class=\"accordion-inner clearfix\">\n<div class=\"cris\" lang=\"de\">\n<ul class=\"cris-awards\">\n<li><span class=\"author\" itemprop=\"author\">Sophie Kuhlemann<\/span>: <strong>Ingeborg-Esenwein-Rothe-Preis<\/strong>  &ndash; 2025<\/li>\n<\/ul>\n<\/div>\n<\/div>\n<\/div>\n<\/div>\n<p>\n<\/div>\n\n<\/div>\n","protected":false},"excerpt":{"rendered":"<p>Sophie arbeitet seit Juni 2022 f\u00fcr das Bits to Energy Lab. Sie absolvierte einen B.A. in Iberoromanischer Philologie und Wirtschaftswissenschaften an der Universit\u00e4t W\u00fcrzburg (2014-2018) und einen M.Sc. in International Business Administration (mit Auszeichnung) an der Universit\u00e4t Wien (2019-2022). In ihrer Masterarbeit besch\u00e4ftigte sie sich mit dem Zusammenhang zwischen Unternehmenskultur und den Kinderbetreuungszeiten von V\u00e4tern. [&hellip;]<\/p>\n","protected":false},"author":2613,"featured_media":0,"parent":1362,"menu_order":1,"comment_status":"closed","ping_status":"closed","template":"page-templates\/page-subnav.php","meta":{"_rrze_cache":"enabled","_rrze_multilang_single_locale":"de_DE","_rrze_multilang_single_source":"https:\/\/www.bitstoenergy.rw.fau.de\/?page_id=1054","footnotes":""},"page_category":[],"page_tag":[],"class_list":["post-1413","page","type-page","status-publish","hentry","de-DE"],"_links":{"self":[{"href":"https:\/\/www.digitaltransformation.rw.fau.eu\/wp-json\/wp\/v2\/pages\/1413","targetHints":{"allow":["GET"]}}],"collection":[{"href":"https:\/\/www.digitaltransformation.rw.fau.eu\/wp-json\/wp\/v2\/pages"}],"about":[{"href":"https:\/\/www.digitaltransformation.rw.fau.eu\/wp-json\/wp\/v2\/types\/page"}],"author":[{"embeddable":true,"href":"https:\/\/www.digitaltransformation.rw.fau.eu\/wp-json\/wp\/v2\/users\/2613"}],"replies":[{"embeddable":true,"href":"https:\/\/www.digitaltransformation.rw.fau.eu\/wp-json\/wp\/v2\/comments?post=1413"}],"version-history":[{"count":10,"href":"https:\/\/www.digitaltransformation.rw.fau.eu\/wp-json\/wp\/v2\/pages\/1413\/revisions"}],"predecessor-version":[{"id":3071,"href":"https:\/\/www.digitaltransformation.rw.fau.eu\/wp-json\/wp\/v2\/pages\/1413\/revisions\/3071"}],"up":[{"embeddable":true,"href":"https:\/\/www.digitaltransformation.rw.fau.eu\/wp-json\/wp\/v2\/pages\/1362"}],"wp:attachment":[{"href":"https:\/\/www.digitaltransformation.rw.fau.eu\/wp-json\/wp\/v2\/media?parent=1413"}],"wp:term":[{"taxonomy":"page_category","embeddable":true,"href":"https:\/\/www.digitaltransformation.rw.fau.eu\/wp-json\/wp\/v2\/page_category?post=1413"},{"taxonomy":"page_tag","embeddable":true,"href":"https:\/\/www.digitaltransformation.rw.fau.eu\/wp-json\/wp\/v2\/page_tag?post=1413"}],"curies":[{"name":"wp","href":"https:\/\/api.w.org\/{rel}","templated":true}]}}