{"id":1580,"date":"2023-09-20T09:28:36","date_gmt":"2023-09-20T07:28:36","guid":{"rendered":"https:\/\/www.digitaltransformation.rw.fau.eu\/?page_id=1580"},"modified":"2023-10-20T13:14:03","modified_gmt":"2023-10-20T11:14:03","slug":"techno-economic-analysis","status":"publish","type":"page","link":"https:\/\/www.digitaltransformation.rw.fau.eu\/de\/research\/techno-economic-analysis\/","title":{"rendered":"Techno\u00f6konomische Analysen von Energiesystemen und -technologien"},"content":{"rendered":"<p>Die aktuelle Energiewende bietet zahlreichen Akteuren &#8211; der \u00d6ffentlichkeit, Unternehmen, Energieversorgern, staatlichen Institutionen und politischen Entscheidungstr\u00e4gern &#8211; verschiedene M\u00f6glichkeiten, in erneuerbare Energiequellen sowie neue Technologien wie Elektrofahrzeuge zu investieren und diese zu nutzen, um an der Energiewende teilzuhaben und zur Dekarbonisierung beizutragen. Dabei stellen sich Fragen zur wirtschaftlichen und technischen Machbarkeit, wie etwa die Rentabilit\u00e4t dieser Technologien in bestimmten Kontexten (z. B. in einer Energiegemeinschaft in London) und die F\u00e4higkeit, die Verwaltung und den Betrieb bestehender Energienetze zu unterst\u00fctzen.<\/p>\n<p>Im Rahmen dieser Forschung erstellen wir techno-\u00f6konomische Modelle von Energiesystemen und -technologien und analysieren deren Leistung, um mehreren Interessengruppen gleichzeitig konkrete Empfehlungen zu geben. Dies tr\u00e4gt dazu bei, die Rentabilit\u00e4t f\u00fcr einzelne Investoren zu gew\u00e4hrleisten, die Erreichung von Energiezielen in Stadtvierteln und St\u00e4dten sicherzustellen und den Betrieb bestehender Energienetze in einer sich wandelnden Energielandschaft zu gew\u00e4hrleisten.<\/p>\n<p><strong>Aktuelle Projekte:<\/strong><\/p>\n<p><a href=\"https:\/\/www.digitaltransformation.rw.fau.eu\/de\/research\/techno-economic-analysis\/demand-response-with-electric-vehicles-charge-later-support-the-grid-now\/\">Demand-response with electric vehicles: charge later, support the grid now<\/a><\/p>\n<p><a href=\"https:\/\/www.digitaltransformation.rw.fau.eu\/de\/research\/techno-economic-analysis\/local-grid-vs-global-emissions-electric-vehicle-charging\/\">Local grid vs. global emissions: electric vehicle charging<\/a><\/p>\n<p><a href=\"https:\/\/www.digitaltransformation.rw.fau.eu\/de\/research\/techno-economic-analysis\/quantifying-the-potential-of-electric-vehicles-for-demand-side-flexibility\/\">Quantifizierung des Potenzials von Elektrofahrzeugen f\u00fcr nachfrageseitige Flexibilit\u00e4t<\/a><\/p>\n<p><strong>Abgeschlossene Projekte:\u00a0<\/strong><\/p>\n<p><a href=\"https:\/\/www.digitaltransformation.rw.fau.eu\/de\/research\/techno-economic-analysis\/solar-energy-community-design-how-many-members-how-many-prosumers-what-pv-system-sizes\/\">Solar energy community design: How many members, how many prosumers, what PV system sizes?<\/a><\/p>\n<p><a href=\"https:\/\/www.digitaltransformation.rw.fau.eu\/de\/research\/techno-economic-analysis\/solar-pv-sharing-in-urban-energy-communities\/\">Gemeinsame Nutzung von Solaranlagen in st\u00e4dtischen Energiegemeinschaften<\/a><\/p>\n<p>&nbsp;<\/p>\n","protected":false},"excerpt":{"rendered":"<p>Die aktuelle Energiewende bietet zahlreichen Akteuren &#8211; der \u00d6ffentlichkeit, Unternehmen, Energieversorgern, staatlichen Institutionen und politischen Entscheidungstr\u00e4gern &#8211; verschiedene M\u00f6glichkeiten, in erneuerbare Energiequellen sowie neue Technologien wie Elektrofahrzeuge zu investieren und diese zu nutzen, um an der Energiewende teilzuhaben und zur Dekarbonisierung beizutragen. Dabei stellen sich Fragen zur wirtschaftlichen und technischen Machbarkeit, wie etwa die Rentabilit\u00e4t [&hellip;]<\/p>\n","protected":false},"author":2613,"featured_media":0,"parent":1403,"menu_order":1,"comment_status":"closed","ping_status":"closed","template":"page-templates\/page-subnav.php","meta":{"_rrze_cache":"enabled","_rrze_multilang_single_locale":"de_DE","_rrze_multilang_single_source":"https:\/\/www.bitstoenergy.rw.fau.de\/?page_id=994","footnotes":""},"page_category":[],"page_tag":[],"class_list":["post-1580","page","type-page","status-publish","hentry","de-DE"],"_links":{"self":[{"href":"https:\/\/www.digitaltransformation.rw.fau.eu\/wp-json\/wp\/v2\/pages\/1580","targetHints":{"allow":["GET"]}}],"collection":[{"href":"https:\/\/www.digitaltransformation.rw.fau.eu\/wp-json\/wp\/v2\/pages"}],"about":[{"href":"https:\/\/www.digitaltransformation.rw.fau.eu\/wp-json\/wp\/v2\/types\/page"}],"author":[{"embeddable":true,"href":"https:\/\/www.digitaltransformation.rw.fau.eu\/wp-json\/wp\/v2\/users\/2613"}],"replies":[{"embeddable":true,"href":"https:\/\/www.digitaltransformation.rw.fau.eu\/wp-json\/wp\/v2\/comments?post=1580"}],"version-history":[{"count":7,"href":"https:\/\/www.digitaltransformation.rw.fau.eu\/wp-json\/wp\/v2\/pages\/1580\/revisions"}],"predecessor-version":[{"id":3027,"href":"https:\/\/www.digitaltransformation.rw.fau.eu\/wp-json\/wp\/v2\/pages\/1580\/revisions\/3027"}],"up":[{"embeddable":true,"href":"https:\/\/www.digitaltransformation.rw.fau.eu\/wp-json\/wp\/v2\/pages\/1403"}],"wp:attachment":[{"href":"https:\/\/www.digitaltransformation.rw.fau.eu\/wp-json\/wp\/v2\/media?parent=1580"}],"wp:term":[{"taxonomy":"page_category","embeddable":true,"href":"https:\/\/www.digitaltransformation.rw.fau.eu\/wp-json\/wp\/v2\/page_category?post=1580"},{"taxonomy":"page_tag","embeddable":true,"href":"https:\/\/www.digitaltransformation.rw.fau.eu\/wp-json\/wp\/v2\/page_tag?post=1580"}],"curies":[{"name":"wp","href":"https:\/\/api.w.org\/{rel}","templated":true}]}}