{"id":1603,"date":"2023-09-20T10:03:58","date_gmt":"2023-09-20T08:03:58","guid":{"rendered":"https:\/\/www.digitaltransformation.rw.fau.eu\/?page_id=1603"},"modified":"2024-01-07T20:44:32","modified_gmt":"2024-01-07T19:44:32","slug":"persusasive-technologies","status":"publish","type":"page","link":"https:\/\/www.digitaltransformation.rw.fau.eu\/de\/research\/persusasive-technologies\/","title":{"rendered":"Persuasive Technologien"},"content":{"rendered":"<p>Die Verhaltensforschung bietet eine Vielzahl an Theorien und Methoden f\u00fcr die Entwicklung neuer Verhaltensinterventionen. Viele dieser Theorien haben ihre G\u00fcltigkeit und praktische Relevanz in sinnvollen realen Kontexten bewiesen, andere wurden bisher haupts\u00e4chlich in Laborsituationen untersucht. Wir nutzen diese Theorien als Ausgangspunkt, um persuasive Technologien f\u00fcr reale Anwendungen in der Praxis zu entwickeln und zu testen.<\/p>\n<p><strong>Aktuelle Projekte<\/strong>:<\/p>\n<p><a href=\"https:\/\/www.digitaltransformation.rw.fau.eu\/de\/research\/persusasive-technologies\/smart-sensor-basiertes-heizungsmanagement-in-nichtwohngebauden-thermal-comfort-as-a-service-tcaas\/\">Thermal Comfort as a Service (TCaaS): Smart-Sensor-basiertes Energiemanagement in Nicht-Wohngeb\u00e4uden<\/a><\/p>\n<p><strong>Abgeschlossene Projekte:<\/strong><\/p>\n<p><a href=\"https:\/\/www.digitaltransformation.rw.fau.eu\/de\/research\/persusasive-technologies\/saving-energy-at-the-workplace\/\">Energiesparen am Arbeitsplatz: Bewertung der Motivation von Zugf\u00fchrern f\u00fcr energieeffizientes Fahren und ihrer Wahrnehmung von Feedback-Technologien<\/a><\/p>\n","protected":false},"excerpt":{"rendered":"<p>Die Verhaltensforschung bietet eine Vielzahl an Theorien und Methoden f\u00fcr die Entwicklung neuer Verhaltensinterventionen. Viele dieser Theorien haben ihre G\u00fcltigkeit und praktische Relevanz in sinnvollen realen Kontexten bewiesen, andere wurden bisher haupts\u00e4chlich in Laborsituationen untersucht. Wir nutzen diese Theorien als Ausgangspunkt, um persuasive Technologien f\u00fcr reale Anwendungen in der Praxis zu entwickeln und zu testen. [&hellip;]<\/p>\n","protected":false},"author":2613,"featured_media":0,"parent":1403,"menu_order":2,"comment_status":"closed","ping_status":"closed","template":"page-templates\/page-subnav.php","meta":{"_rrze_cache":"enabled","_rrze_multilang_single_locale":"de_DE","_rrze_multilang_single_source":"https:\/\/www.bitstoenergy.rw.fau.de\/?page_id=1073","footnotes":""},"page_category":[],"page_tag":[],"class_list":["post-1603","page","type-page","status-publish","hentry","de-DE"],"_links":{"self":[{"href":"https:\/\/www.digitaltransformation.rw.fau.eu\/wp-json\/wp\/v2\/pages\/1603","targetHints":{"allow":["GET"]}}],"collection":[{"href":"https:\/\/www.digitaltransformation.rw.fau.eu\/wp-json\/wp\/v2\/pages"}],"about":[{"href":"https:\/\/www.digitaltransformation.rw.fau.eu\/wp-json\/wp\/v2\/types\/page"}],"author":[{"embeddable":true,"href":"https:\/\/www.digitaltransformation.rw.fau.eu\/wp-json\/wp\/v2\/users\/2613"}],"replies":[{"embeddable":true,"href":"https:\/\/www.digitaltransformation.rw.fau.eu\/wp-json\/wp\/v2\/comments?post=1603"}],"version-history":[{"count":9,"href":"https:\/\/www.digitaltransformation.rw.fau.eu\/wp-json\/wp\/v2\/pages\/1603\/revisions"}],"predecessor-version":[{"id":2278,"href":"https:\/\/www.digitaltransformation.rw.fau.eu\/wp-json\/wp\/v2\/pages\/1603\/revisions\/2278"}],"up":[{"embeddable":true,"href":"https:\/\/www.digitaltransformation.rw.fau.eu\/wp-json\/wp\/v2\/pages\/1403"}],"wp:attachment":[{"href":"https:\/\/www.digitaltransformation.rw.fau.eu\/wp-json\/wp\/v2\/media?parent=1603"}],"wp:term":[{"taxonomy":"page_category","embeddable":true,"href":"https:\/\/www.digitaltransformation.rw.fau.eu\/wp-json\/wp\/v2\/page_category?post=1603"},{"taxonomy":"page_tag","embeddable":true,"href":"https:\/\/www.digitaltransformation.rw.fau.eu\/wp-json\/wp\/v2\/page_tag?post=1603"}],"curies":[{"name":"wp","href":"https:\/\/api.w.org\/{rel}","templated":true}]}}