{"id":1638,"date":"2023-05-22T10:46:44","date_gmt":"2023-05-22T08:46:44","guid":{"rendered":"https:\/\/www.digitaltransformation.rw.fau.eu\/?page_id=1638"},"modified":"2023-05-22T10:46:44","modified_gmt":"2023-05-22T08:46:44","slug":"master-thesis","status":"publish","type":"page","link":"https:\/\/www.digitaltransformation.rw.fau.eu\/de\/education\/theses\/master-thesis\/","title":{"rendered":"Masterarbeit"},"content":{"rendered":"<p><strong>Ablauf und Bewerbung &#8211; MA<\/strong><\/p>\n<p><strong>1. Bewerbung<\/strong><\/p>\n<p>Wenn Sie daran interessiert sind, Ihre Abschlussarbeit bei uns zu schreiben, wenden Sie sich bitte per Mail an eine der Betreuungspersonen. Verwenden Sie daf\u00fcr bitte unser <a href=\"https:\/\/www.digitaltransformation.rw.fau.eu\/files\/2023\/05\/Application_form_for_student_theses.pdf\"><u>Bewerbungsformular<\/u><\/a> und f\u00fcgen Sie Ihren <u>Lebenslauf<\/u>, ein aktuelles <u>Zeugnis<\/u> und andere relevante Dokumente bei.<\/p>\n<p>Sie k\u00f6nnen sich f\u00fcr eines der ausgeschriebenen Themen bewerben oder proaktiv eine Idee, die sich mit unseren Forschungsschwerpunkten deckt, vorschlagen. In letzterem Fall bitten wir Sie Ihr Projekt bei der Bewerbung kurz zu beschreiben.<\/p>\n<p><strong>2. Erstgespr\u00e4ch &amp; Expos\u00e9<\/strong><\/p>\n<p>Sollte die von Ihnen kontaktierte Betreuungsperson noch Kapazit\u00e4ten haben, wird ein Erstgespr\u00e4ch vereinbart, in dem die Themenidee n\u00e4her besprochen und ggfs. eingegrenzt wird.<\/p>\n<p>Im weiteren Schritt arbeiten Sie sich in die Thematik ein und verfassen ein 3-4 Seiten langes Expos\u00e9, in dem Sie Relevanz des Themas, Forschungsfrage, ggfs. Methode sowie einen groben Zeitplan darlegen. Verwenden Sie daf\u00fcr bitte die von uns zur Verf\u00fcgung gestellte <a href=\"https:\/\/www.digitaltransformation.rw.fau.eu\/education\/theses\/application-form-and-other-documents\/\"><u>Vorlage<\/u><\/a>.<\/p>\n<p><strong>3. Anmeldung<\/strong><\/p>\n<p>Anschlie\u00dfend wird die Abschlussarbeit mit dem endg\u00fcltigen Titel beim Pr\u00fcfungsamt angemeldet. Bitte f\u00fcllen Sie daf\u00fcr das <u>Anmeldeformular<\/u> aus und senden Sie es an uns. Das Formular wird von uns gepr\u00fcft und an das Pr\u00fcfungsamt weitergeleitet.<\/p>\n<p><strong>4. Verfassen der Arbeit <\/strong><\/p>\n<p>Im weiteren Schritt verfassen Sie die Abschlussarbeit. Bitte halten Sie dabei <u>regelm\u00e4\u00dfig<\/u> Kontakt zu Ihrer Betreuungsperson, um \u00fcber Fortschritte zu berichten, Feedback zu erhalten und ggfs. Probleme zu l\u00f6sen. Im Zuge dessen bitten wir sie au\u00dferdem, Ihre Abschlussarbeit <strong>vor<\/strong> der Abgabe in einer Pr\u00e4sentation darzulegen.<\/p>\n<p><strong>5. Abgabe<\/strong><\/p>\n<p>Abschlie\u00dfend reichen Sie die Abschlussarbeit ein. Studierende der Wirtschaftswissenschaftlichen Fakult\u00e4t reichen ihre Abschlussarbeit bitte im Pr\u00fcfungsamt ein, Studierende der Technischen Fakult\u00e4t (z.B. WING oder IP) geben ihre Abschlussarbeit bitte direkt am Lehrstuhl ab.<\/p>\n<p>Die Einreichung erfolgt in <u>zweifacher<\/u> gedruckter Ausfertigung und zus\u00e4tzlich in digitaler Form (z.B. CD, USB, \u2026).<\/p>\n<p>F\u00fcr den Ausdruck ist folgendes Layout zu verwenden:<\/p>\n<ul>\n<li>Karton in der Farbe Wiso (rot) oder FAU (blau) f\u00fcr die R\u00fcckseite, Klarsichtfolie f\u00fcr das Deckblatt und dazwischen eine schwarze Klebebindung.<\/li>\n<li>Doppelseitiger Ausdruck<\/li>\n<\/ul>\n<ol start=\"6\">\n<li><strong> Pr\u00e4sentation<\/strong><\/li>\n<\/ol>\n<p>In einigen Studieng\u00e4ngen ist au\u00dferdem eine abschlie\u00dfende Pr\u00e4sentation Ihrer Ergebnisse erforderlich. Bitte vereinbaren Sie die Anforderungen der Pr\u00e4sentation sowie einen geeigneten Termin mit Ihrer Betreuungsperson.<\/p>\n<p>&nbsp;<\/p>\n<p>&nbsp;<\/p>\n","protected":false},"excerpt":{"rendered":"<p>Ablauf und Bewerbung &#8211; MA 1. Bewerbung Wenn Sie daran interessiert sind, Ihre Abschlussarbeit bei uns zu schreiben, wenden Sie sich bitte per Mail an eine der Betreuungspersonen. Verwenden Sie daf\u00fcr bitte unser Bewerbungsformular und f\u00fcgen Sie Ihren Lebenslauf, ein aktuelles Zeugnis und andere relevante Dokumente bei. Sie k\u00f6nnen sich f\u00fcr eines der ausgeschriebenen Themen [&hellip;]<\/p>\n","protected":false},"author":2613,"featured_media":0,"parent":1374,"menu_order":2,"comment_status":"closed","ping_status":"closed","template":"page-templates\/page-subnav.php","meta":{"_rrze_cache":"enabled","_rrze_multilang_single_locale":"de_DE","_rrze_multilang_single_source":"https:\/\/www.bitstoenergy.rw.fau.de\/?page_id=447","footnotes":""},"page_category":[],"page_tag":[],"class_list":["post-1638","page","type-page","status-publish","hentry","de-DE"],"_links":{"self":[{"href":"https:\/\/www.digitaltransformation.rw.fau.eu\/wp-json\/wp\/v2\/pages\/1638","targetHints":{"allow":["GET"]}}],"collection":[{"href":"https:\/\/www.digitaltransformation.rw.fau.eu\/wp-json\/wp\/v2\/pages"}],"about":[{"href":"https:\/\/www.digitaltransformation.rw.fau.eu\/wp-json\/wp\/v2\/types\/page"}],"author":[{"embeddable":true,"href":"https:\/\/www.digitaltransformation.rw.fau.eu\/wp-json\/wp\/v2\/users\/2613"}],"replies":[{"embeddable":true,"href":"https:\/\/www.digitaltransformation.rw.fau.eu\/wp-json\/wp\/v2\/comments?post=1638"}],"version-history":[{"count":2,"href":"https:\/\/www.digitaltransformation.rw.fau.eu\/wp-json\/wp\/v2\/pages\/1638\/revisions"}],"predecessor-version":[{"id":1640,"href":"https:\/\/www.digitaltransformation.rw.fau.eu\/wp-json\/wp\/v2\/pages\/1638\/revisions\/1640"}],"up":[{"embeddable":true,"href":"https:\/\/www.digitaltransformation.rw.fau.eu\/wp-json\/wp\/v2\/pages\/1374"}],"wp:attachment":[{"href":"https:\/\/www.digitaltransformation.rw.fau.eu\/wp-json\/wp\/v2\/media?parent=1638"}],"wp:term":[{"taxonomy":"page_category","embeddable":true,"href":"https:\/\/www.digitaltransformation.rw.fau.eu\/wp-json\/wp\/v2\/page_category?post=1638"},{"taxonomy":"page_tag","embeddable":true,"href":"https:\/\/www.digitaltransformation.rw.fau.eu\/wp-json\/wp\/v2\/page_tag?post=1638"}],"curies":[{"name":"wp","href":"https:\/\/api.w.org\/{rel}","templated":true}]}}