{"id":1730,"date":"2023-07-12T09:41:59","date_gmt":"2023-07-12T07:41:59","guid":{"rendered":"https:\/\/www.digitaltransformation.rw.fau.eu\/?page_id=1730"},"modified":"2026-03-25T11:05:41","modified_gmt":"2026-03-25T10:05:41","slug":"leonie-manzke","status":"publish","type":"page","link":"https:\/\/www.digitaltransformation.rw.fau.eu\/de\/team\/researchers\/leonie-manzke\/","title":{"rendered":"Leonie Manzke"},"content":{"rendered":"\n<figure class=\"wp-block-image is-style-large has-overlay\"><div class=\"image-wrapper\"><img loading=\"lazy\" decoding=\"async\" src=\"https:\/\/www.digitaltransformation.rw.fau.eu\/files\/2023\/08\/Leonie-Manzke-cropped-260x300.jpg\" alt=\"\" class=\"wp-image-1803 tall-image\" srcset=\"https:\/\/www.digitaltransformation.rw.fau.eu\/files\/2023\/08\/Leonie-Manzke-cropped-260x300.jpg 260w, https:\/\/www.digitaltransformation.rw.fau.eu\/files\/2023\/08\/Leonie-Manzke-cropped-889x1024.jpg 889w, https:\/\/www.digitaltransformation.rw.fau.eu\/files\/2023\/08\/Leonie-Manzke-cropped-768x885.jpg 768w, https:\/\/www.digitaltransformation.rw.fau.eu\/files\/2023\/08\/Leonie-Manzke-cropped-1333x1536.jpg 1333w, https:\/\/www.digitaltransformation.rw.fau.eu\/files\/2023\/08\/Leonie-Manzke-cropped-1777x2048.jpg 1777w, https:\/\/www.digitaltransformation.rw.fau.eu\/files\/2023\/08\/Leonie-Manzke-cropped-95x110.jpg 95w, https:\/\/www.digitaltransformation.rw.fau.eu\/files\/2023\/08\/Leonie-Manzke-cropped-208x240.jpg 208w, https:\/\/www.digitaltransformation.rw.fau.eu\/files\/2023\/08\/Leonie-Manzke-cropped-278x320.jpg 278w, https:\/\/www.digitaltransformation.rw.fau.eu\/files\/2023\/08\/Leonie-Manzke-cropped-408x470.jpg 408w\" \/><button class=\"image-fullscreen-btn\" onclick=\"openImageFullscreen('https:\/\/www.digitaltransformation.rw.fau.eu\/files\/2023\/08\/Leonie-Manzke-cropped-scaled.jpg')\">\u26f6<\/button><\/div><\/figure>\n\n\n\n<p><\/p>\n\n\n\n<p>Leonie arbeitet seit Mai 2023 f\u00fcr das Bits to Energy Lab. Sie hat einen BSc. und einen MSc. in Psychologie von der Katholischen Universit\u00e4t Eichst\u00e4tt-Ingolstadt. Ihr Interesse gilt der Erforschung der Mensch-Maschine-Interaktion.<\/p>\n\n\n\n<p>Als Praktikantin und Werkstudentin sammelte sie praktische Einblicke bei der Erforschung dieser Schnittstelle in der Luftfahrt (<a href=\"https:\/\/www.airbus.com\/en\">Airbus Defense &amp; Space<\/a>) und im Automobilbereich (<a href=\"https:\/\/www.spiegel-institut.de\/\">Spiegel Institut<\/a>),&nbsp; und unterst\u00fctzte die Erforschung von Herausforderungen im digitalen Change Management und digitalisierten Gesundheitswesen am <a href=\"https:\/\/www.scs.fraunhofer.de\/de\/forschungsfelder\/mensch-technik-interaktion.html\">Fraunhofer Institut f\u00fcr Integrierte Systeme<\/a> in N\u00fcrnberg.<\/p>\n\n\n\n<p>Bevor sie an den Lehrstuhl kam, arbeitete sie als Research Manager bei <a href=\"https:\/\/exevia.com\/\">Psyma+Exevia Health<\/a> und beriet verschiedene Kunden aus der Gesundheits-, Dental- und MedTech-Industrie.<\/p>\n\n\n\n<p>Leonie interessiert sich f\u00fcr Verhaltensmechanismen im digitalen Bereich und daf\u00fcr, wie man das meiste aus Daten rausholen kann \u2013 insbesondere bei der Beantwortung von Fragen zu Themen wie Gesundheit und Nachhaltigkeit.<\/p>\n\n\n\n<h3 class=\"wp-block-heading\">Lehre<\/h3>\n\n\n\n<ul class=\"wp-block-list\">\n<li><a href=\"https:\/\/www.digitaltransformation.rw.fau.eu\/education\/courses\/master\/is-for-behavior-change-isbc\/\">Information Systems for Behavior Change (ISBC) <\/a>(SoSe 25, SoSe 26)<\/li>\n\n\n\n<li><a href=\"https:\/\/www.digitaltransformation.rw.fau.eu\/education\/courses\/bachelor\/survey-research-in-information-systems-gen-ai-applications\/\" data-type=\"link\" data-id=\"https:\/\/www.digitaltransformation.rw.fau.eu\/education\/courses\/bachelor\/survey-research-in-information-systems-gen-ai-applications\/\">Survey Research in Information Systems (SURIS)<\/a> (WiSe 25\/26)<\/li>\n\n\n\n<li><a href=\"https:\/\/www.digitaltransformation.rw.fau.eu\/education\/courses\/bachelor\/1154-2\/\">Digital Transformation in Energy and Mobility (DITEM)<\/a> (WiSe 23\/24, WiSe 25\/26)<\/li>\n\n\n\n<li><a href=\"https:\/\/www.digitaltransformation.rw.fau.eu\/education\/courses\/bachelor\/e-commerce\/\">E-Business und E-Commerce (EBEC)<\/a> (WiSe 24\/25)<\/li>\n\n\n\n<li><a href=\"https:\/\/www.digitaltransformation.rw.fau.eu\/education\/courses\/bachelor\/data-driven-behavioral-interventions-for-sustainability-dabis\/\">Data-driven behavioral interventions for sustainability (DABIS)<\/a> (WiSe 23\/24)<\/li>\n<\/ul>\n\n\n\n<p><\/p>\n","protected":false},"excerpt":{"rendered":"<p>Leonie arbeitet seit Mai 2023 f\u00fcr das Bits to Energy Lab. Sie hat einen BSc. und einen MSc. in Psychologie von der Katholischen Universit\u00e4t Eichst\u00e4tt-Ingolstadt. Ihr Interesse gilt der Erforschung der Mensch-Maschine-Interaktion. Als Praktikantin und Werkstudentin sammelte sie praktische Einblicke bei der Erforschung dieser Schnittstelle in der Luftfahrt (Airbus Defense &amp; Space) und im Automobilbereich [&hellip;]<\/p>\n","protected":false},"author":2613,"featured_media":0,"parent":1362,"menu_order":2,"comment_status":"closed","ping_status":"closed","template":"","meta":{"_rrze_cache":"enabled","_rrze_multilang_single_locale":"de_DE","_rrze_multilang_single_source":"https:\/\/www.digitaltransformation.rw.fau.eu\/?page_id=1730","footnotes":""},"page_category":[],"page_tag":[],"class_list":["post-1730","page","type-page","status-publish","hentry","de-DE"],"_links":{"self":[{"href":"https:\/\/www.digitaltransformation.rw.fau.eu\/wp-json\/wp\/v2\/pages\/1730","targetHints":{"allow":["GET"]}}],"collection":[{"href":"https:\/\/www.digitaltransformation.rw.fau.eu\/wp-json\/wp\/v2\/pages"}],"about":[{"href":"https:\/\/www.digitaltransformation.rw.fau.eu\/wp-json\/wp\/v2\/types\/page"}],"author":[{"embeddable":true,"href":"https:\/\/www.digitaltransformation.rw.fau.eu\/wp-json\/wp\/v2\/users\/2613"}],"replies":[{"embeddable":true,"href":"https:\/\/www.digitaltransformation.rw.fau.eu\/wp-json\/wp\/v2\/comments?post=1730"}],"version-history":[{"count":10,"href":"https:\/\/www.digitaltransformation.rw.fau.eu\/wp-json\/wp\/v2\/pages\/1730\/revisions"}],"predecessor-version":[{"id":3422,"href":"https:\/\/www.digitaltransformation.rw.fau.eu\/wp-json\/wp\/v2\/pages\/1730\/revisions\/3422"}],"up":[{"embeddable":true,"href":"https:\/\/www.digitaltransformation.rw.fau.eu\/wp-json\/wp\/v2\/pages\/1362"}],"wp:attachment":[{"href":"https:\/\/www.digitaltransformation.rw.fau.eu\/wp-json\/wp\/v2\/media?parent=1730"}],"wp:term":[{"taxonomy":"page_category","embeddable":true,"href":"https:\/\/www.digitaltransformation.rw.fau.eu\/wp-json\/wp\/v2\/page_category?post=1730"},{"taxonomy":"page_tag","embeddable":true,"href":"https:\/\/www.digitaltransformation.rw.fau.eu\/wp-json\/wp\/v2\/page_tag?post=1730"}],"curies":[{"name":"wp","href":"https:\/\/api.w.org\/{rel}","templated":true}]}}