{"id":2051,"date":"2023-10-16T17:03:21","date_gmt":"2023-10-16T15:03:21","guid":{"rendered":"https:\/\/www.digitaltransformation.rw.fau.eu\/?page_id=2051"},"modified":"2024-04-22T10:54:35","modified_gmt":"2024-04-22T08:54:35","slug":"sven-nekula","status":"publish","type":"page","link":"https:\/\/www.digitaltransformation.rw.fau.eu\/de\/team\/alumni\/sven-nekula\/","title":{"rendered":"Sven Nekula"},"content":{"rendered":"<p><img loading=\"lazy\" decoding=\"async\" class=\"alignnone wp-image-2039 size-medium\" src=\"https:\/\/www.digitaltransformation.rw.fau.eu\/files\/2023\/10\/foto_sven-cropped-240x300.jpg\" alt=\"\" srcset=\"https:\/\/www.digitaltransformation.rw.fau.eu\/files\/2023\/10\/foto_sven-cropped-240x300.jpg 240w, https:\/\/www.digitaltransformation.rw.fau.eu\/files\/2023\/10\/foto_sven-cropped-820x1024.jpg 820w, https:\/\/www.digitaltransformation.rw.fau.eu\/files\/2023\/10\/foto_sven-cropped-768x959.jpg 768w, https:\/\/www.digitaltransformation.rw.fau.eu\/files\/2023\/10\/foto_sven-cropped-1230x1536.jpg 1230w, https:\/\/www.digitaltransformation.rw.fau.eu\/files\/2023\/10\/foto_sven-cropped-88x110.jpg 88w, https:\/\/www.digitaltransformation.rw.fau.eu\/files\/2023\/10\/foto_sven-cropped-192x240.jpg 192w, https:\/\/www.digitaltransformation.rw.fau.eu\/files\/2023\/10\/foto_sven-cropped-256x320.jpg 256w, https:\/\/www.digitaltransformation.rw.fau.eu\/files\/2023\/10\/foto_sven-cropped-376x470.jpg 376w, https:\/\/www.digitaltransformation.rw.fau.eu\/files\/2023\/10\/foto_sven-cropped.jpg 1416w\" \/><\/p>\n<p style=\"font-weight: 400\">Sven arbeitet seit Oktober 2023 f\u00fcr das Bits to Energy Lab. Er absolvierte einen B.A. in \u00d6konomie und Soziologie an der FAU Erlangen-N\u00fcrnberg (2017-2020) und einen M.Sc. in Survey Statistik an der Otto-Friedrich-Universit\u00e4t in Bamberg (2020-2023).<\/p>\n<p style=\"font-weight: 400\">Von April 2022 bis September 2023 arbeitete er zun\u00e4chst als Praktikant und Masterand, anschlie\u00dfend als Junior Consultant im Bereich Data Science bei Lidl International. Er befasste sich im Rahmen seiner Masterarbeit mit der Prognose von Abverkaufszahlen f\u00fcr Lebensmittel.<\/p>\n<p style=\"font-weight: 400\">Sven interessiert sich f\u00fcr Machine Learning, Zeitreihenanalyse und explainable AI.<\/p>\n","protected":false},"excerpt":{"rendered":"<p>Sven arbeitet seit Oktober 2023 f\u00fcr das Bits to Energy Lab. Er absolvierte einen B.A. in \u00d6konomie und Soziologie an der FAU Erlangen-N\u00fcrnberg (2017-2020) und einen M.Sc. in Survey Statistik an der Otto-Friedrich-Universit\u00e4t in Bamberg (2020-2023). Von April 2022 bis September 2023 arbeitete er zun\u00e4chst als Praktikant und Masterand, anschlie\u00dfend als Junior Consultant im Bereich [&hellip;]<\/p>\n","protected":false},"author":4516,"featured_media":0,"parent":2242,"menu_order":3,"comment_status":"closed","ping_status":"closed","template":"page-templates\/page-subnav.php","meta":{"_rrze_cache":"enabled","_rrze_multilang_single_locale":"de_DE","_rrze_multilang_single_source":"https:\/\/www.digitaltransformation.rw.fau.eu\/?page_id=2045","footnotes":""},"page_category":[],"page_tag":[],"class_list":["post-2051","page","type-page","status-publish","hentry","de-DE"],"_links":{"self":[{"href":"https:\/\/www.digitaltransformation.rw.fau.eu\/wp-json\/wp\/v2\/pages\/2051","targetHints":{"allow":["GET"]}}],"collection":[{"href":"https:\/\/www.digitaltransformation.rw.fau.eu\/wp-json\/wp\/v2\/pages"}],"about":[{"href":"https:\/\/www.digitaltransformation.rw.fau.eu\/wp-json\/wp\/v2\/types\/page"}],"author":[{"embeddable":true,"href":"https:\/\/www.digitaltransformation.rw.fau.eu\/wp-json\/wp\/v2\/users\/4516"}],"replies":[{"embeddable":true,"href":"https:\/\/www.digitaltransformation.rw.fau.eu\/wp-json\/wp\/v2\/comments?post=2051"}],"version-history":[{"count":3,"href":"https:\/\/www.digitaltransformation.rw.fau.eu\/wp-json\/wp\/v2\/pages\/2051\/revisions"}],"predecessor-version":[{"id":2056,"href":"https:\/\/www.digitaltransformation.rw.fau.eu\/wp-json\/wp\/v2\/pages\/2051\/revisions\/2056"}],"up":[{"embeddable":true,"href":"https:\/\/www.digitaltransformation.rw.fau.eu\/wp-json\/wp\/v2\/pages\/2242"}],"wp:attachment":[{"href":"https:\/\/www.digitaltransformation.rw.fau.eu\/wp-json\/wp\/v2\/media?parent=2051"}],"wp:term":[{"taxonomy":"page_category","embeddable":true,"href":"https:\/\/www.digitaltransformation.rw.fau.eu\/wp-json\/wp\/v2\/page_category?post=2051"},{"taxonomy":"page_tag","embeddable":true,"href":"https:\/\/www.digitaltransformation.rw.fau.eu\/wp-json\/wp\/v2\/page_tag?post=2051"}],"curies":[{"name":"wp","href":"https:\/\/api.w.org\/{rel}","templated":true}]}}