{"id":2062,"date":"2023-10-18T15:05:18","date_gmt":"2023-10-18T13:05:18","guid":{"rendered":"https:\/\/www.digitaltransformation.rw.fau.eu\/?page_id=2062"},"modified":"2023-10-27T14:33:33","modified_gmt":"2023-10-27T12:33:33","slug":"data-donations-and-digital-nudges-for-sustainable-behavior-change","status":"publish","type":"page","link":"https:\/\/www.digitaltransformation.rw.fau.eu\/de\/startseite\/forschung\/technology-enabled-behaviour-change\/data-donations-and-digital-nudges-for-sustainable-behavior-change\/","title":{"rendered":"Datenspenden und digitale Nudges f\u00fcr nachhaltige Verhaltens\u00e4nderungen"},"content":{"rendered":"<div class=\"wp-video\"><video class=\"wp-video-shortcode\" id=\"video-2062-1\" width=\"1920\" height=\"1080\" preload=\"metadata\" controls=\"controls\"><source type=\"video\/mp4\" src=\"https:\/\/www.digitaltransformation.rw.fau.eu\/files\/2023\/10\/LMA_Datenspenden-Video-Pitch.mp4?_=1\" \/><a href=\"https:\/\/www.digitaltransformation.rw.fau.eu\/files\/2023\/10\/LMA_Datenspenden-Video-Pitch.mp4\">https:\/\/www.digitaltransformation.rw.fau.eu\/files\/2023\/10\/LMA_Datenspenden-Video-Pitch.mp4<\/a><\/video><\/div>\n<p>&nbsp;<\/p>\n<p style=\"font-weight: 400\">Das Projekt <a href=\"https:\/\/www.bidt.digital\/forschungsprojekt\/datenspenden-und-digitale-nudges-fuer-nachhaltige-verhaltensaenderungen\/\"><em>DataDonations4SustainableChange<\/em><\/a> will Strategien erforschen, um Individuen dazu zu ermutigen, ihre Daten f\u00fcr das Allgemeinwohl zu spenden. Diese Daten sollten zur F\u00f6rderung nachhaltiger Verhaltens\u00e4nderungen, etwa im Gesundheits- oder Umweltbereich, genutzt werden. Wir erforschen die Rolle digitaler Nudges w\u00e4hrend des gesamten Prozesses der Datenspende \u2013 von der Mobilisierung \u00fcber die Motivation bis hin zur Wertsch\u00f6pfung.<\/p>\n<p style=\"font-weight: 400\"><strong>Herausforderung<\/strong><\/p>\n<p style=\"font-weight: 400\">In den letzten Jahren wurden die Rechte der B\u00fcrgerinnen und B\u00fcrger auf Zugang zu ihren Daten erheblich gest\u00e4rkt, so dass Datenspenden in gro\u00dfem Umfang durch die Bev\u00f6lkerung m\u00f6glich wurden. Die Ausbreitung digitaler Technologien in verschiedene Lebensbereiche der Menschen schafft eine Vielzahl vielversprechender Anwendungskontexte f\u00fcr Datenspenden zur F\u00f6rderung des Gemeinwohls, insbesondere im Zusammenhang mit komplexen Herausforderungen in den Bereichen Gesundheit und Umwelt.<\/p>\n<p style=\"font-weight: 400\">Trotz dieser Entwicklungen gibt es erhebliche Herausforderungen, die mit der Etablierung von Datenspenden als g\u00e4ngige und effektive Form der aktiven B\u00fcrgerbeteiligung einhergehen. Das Forschungsprojekt untersucht, welche Rolle digitale Nudges bei der Bew\u00e4ltigung dieser Herausforderungen spielen k\u00f6nnen.<\/p>\n<p><img loading=\"lazy\" decoding=\"async\" class=\"wp-image-2106 size-large aligncenter\" src=\"https:\/\/www.digitaltransformation.rw.fau.eu\/files\/2023\/10\/Image20231019132051-1024x806.png\" alt=\"\" srcset=\"https:\/\/www.digitaltransformation.rw.fau.eu\/files\/2023\/10\/Image20231019132051-1024x806.png 1024w, https:\/\/www.digitaltransformation.rw.fau.eu\/files\/2023\/10\/Image20231019132051-300x236.png 300w, https:\/\/www.digitaltransformation.rw.fau.eu\/files\/2023\/10\/Image20231019132051-768x605.png 768w, https:\/\/www.digitaltransformation.rw.fau.eu\/files\/2023\/10\/Image20231019132051-1536x1209.png 1536w, https:\/\/www.digitaltransformation.rw.fau.eu\/files\/2023\/10\/Image20231019132051-2048x1613.png 2048w, https:\/\/www.digitaltransformation.rw.fau.eu\/files\/2023\/10\/Image20231019132051-140x110.png 140w, https:\/\/www.digitaltransformation.rw.fau.eu\/files\/2023\/10\/Image20231019132051-305x240.png 305w, https:\/\/www.digitaltransformation.rw.fau.eu\/files\/2023\/10\/Image20231019132051-406x320.png 406w, https:\/\/www.digitaltransformation.rw.fau.eu\/files\/2023\/10\/Image20231019132051-597x470.png 597w\" \/><\/p>\n<p><strong>Ansatz<\/strong><\/p>\n<p style=\"font-weight: 400\">Die Digitalisierung bietet M\u00f6glichkeiten f\u00fcr die personalisierte und dynamische Gestaltung von Nudges. Im Rahmen des Projekts sollen diese aus den Perspektiven der Kommunikationswissenschaft, der Wirtschaftsinformatik und der Verhaltens\u00f6konomie analysiert werden \u2013 erm\u00f6glicht durch die Kooperation mit der <a href=\"https:\/\/www.uni-regensburg.de\/informatik-data-science\/maschinelles-lernen-insb-uncertainty-quantification\/startseite\/index.html\">Universit\u00e4t Regensburg<\/a> und der <a href=\"https:\/\/www.ifkw.uni-muenchen.de\/lehrbereiche\/hassler2\/index.html\">Ludwig-Maximilians-Universit\u00e4t<\/a> in M\u00fcnchen.<\/p>\n<p style=\"font-weight: 400\">Im Team der FAU liegt der Fokus auf M\u00f6glichkeiten der Wertsch\u00f6pfung, um zu ergr\u00fcnden, wie gespendete Daten zur Bew\u00e4ltigung gesellschaftlicher Herausforderungen wie dem Klimawandel, Ressourcenknappheit oder der Fr\u00fcherkennung von Krankheiten beitragen k\u00f6nnen.<\/p>\n<p style=\"font-weight: 400\">Unsere aktuelle Forschung konzentriert sich auf Daten von Supermarkt-Bonuskartendaten. Durch die Analyse gespendeter Kundenkartendaten wollen wir verstehen, wie Menschen ihr eigenes Einkaufsverhalten wahrnehmen, und herausfinden, welche digitalen Nudges zu langfristigen, gesunden und nachhaltigen Einkaufsgewohnheiten f\u00fchren k\u00f6nnen.<\/p>\n<p style=\"font-weight: 400\"><strong>Finanzierung<\/strong><\/p>\n<p style=\"font-weight: 400\">DataDonations4SustainableChange ist finanziert \u00fcber das Bayrische Institut f\u00fcr Digitale Transformation (bidt).<\/p>\n<p><span style=\"text-decoration: underline\"><strong>Team<\/strong><\/span><\/p>\n<p><a href=\"https:\/\/www.digitaltransformation.rw.fau.eu\/team\/researchers\/leonie-manzke\/\">Leonie Manzke<\/a>, <a href=\"https:\/\/www.digitaltransformation.rw.fau.eu\/de\/team\/prof-dr-verena-tiefenbeck\/\">Verena Tiefenbeck<\/a>; Projektpartner: Philipp Hartl, Daniel Schnurr (<a href=\"https:\/\/www.uni-regensburg.de\/informatik-data-science\/maschinelles-lernen-insb-uncertainty-quantification\/startseite\/index.html\">Universit\u00e4t Regensburg<\/a>), Elisabeth Schmidbauer, J\u00f6rg Ha\u00dfler (<a href=\"https:\/\/www.ifkw.uni-muenchen.de\/lehrbereiche\/hassler2\/index.html\">Ludwig-Maximilians-Universit\u00e4t M\u00fcnchen<\/a>)<\/p>\n<p>&nbsp;<\/p>\n<p>Falls Sie Interesse daran haben, Ihre Abschlussarbeit zum Thema Forschungsschwerpunkt dieses Projekts zu verfassen, informieren Sie sich bitte auf <a href=\"https:\/\/www.digitaltransformation.rw.fau.eu\/de\/education\/theses\/open-topics\/\">dieser Seite<\/a> \u00fcber ausgeschriebene Themen oder wenden Sie sich an <a href=\"https:\/\/www.digitaltransformation.rw.fau.eu\/de\/team\/researchers\/leonie-manzke\/\">Leonie Manzke<\/a>.<\/p>\n","protected":false},"excerpt":{"rendered":"<p>&nbsp; Das Projekt DataDonations4SustainableChange will Strategien erforschen, um Individuen dazu zu ermutigen, ihre Daten f\u00fcr das Allgemeinwohl zu spenden. Diese Daten sollten zur F\u00f6rderung nachhaltiger Verhaltens\u00e4nderungen, etwa im Gesundheits- oder Umweltbereich, genutzt werden. Wir erforschen die Rolle digitaler Nudges w\u00e4hrend des gesamten Prozesses der Datenspende \u2013 von der Mobilisierung \u00fcber die Motivation bis hin zur [&hellip;]<\/p>\n","protected":false},"author":2613,"featured_media":2106,"parent":1559,"menu_order":4,"comment_status":"closed","ping_status":"closed","template":"page-templates\/page-subnav.php","meta":{"_rrze_cache":"enabled","_rrze_multilang_single_locale":"de_DE","_rrze_multilang_single_source":"https:\/\/www.digitaltransformation.rw.fau.eu\/?page_id=2062","footnotes":""},"page_category":[],"page_tag":[],"class_list":["post-2062","page","type-page","status-publish","has-post-thumbnail","hentry","de-DE"],"_links":{"self":[{"href":"https:\/\/www.digitaltransformation.rw.fau.eu\/wp-json\/wp\/v2\/pages\/2062","targetHints":{"allow":["GET"]}}],"collection":[{"href":"https:\/\/www.digitaltransformation.rw.fau.eu\/wp-json\/wp\/v2\/pages"}],"about":[{"href":"https:\/\/www.digitaltransformation.rw.fau.eu\/wp-json\/wp\/v2\/types\/page"}],"author":[{"embeddable":true,"href":"https:\/\/www.digitaltransformation.rw.fau.eu\/wp-json\/wp\/v2\/users\/2613"}],"replies":[{"embeddable":true,"href":"https:\/\/www.digitaltransformation.rw.fau.eu\/wp-json\/wp\/v2\/comments?post=2062"}],"version-history":[{"count":10,"href":"https:\/\/www.digitaltransformation.rw.fau.eu\/wp-json\/wp\/v2\/pages\/2062\/revisions"}],"predecessor-version":[{"id":2180,"href":"https:\/\/www.digitaltransformation.rw.fau.eu\/wp-json\/wp\/v2\/pages\/2062\/revisions\/2180"}],"up":[{"embeddable":true,"href":"https:\/\/www.digitaltransformation.rw.fau.eu\/wp-json\/wp\/v2\/pages\/1559"}],"wp:featuredmedia":[{"embeddable":true,"href":"https:\/\/www.digitaltransformation.rw.fau.eu\/wp-json\/wp\/v2\/media\/2106"}],"wp:attachment":[{"href":"https:\/\/www.digitaltransformation.rw.fau.eu\/wp-json\/wp\/v2\/media?parent=2062"}],"wp:term":[{"taxonomy":"page_category","embeddable":true,"href":"https:\/\/www.digitaltransformation.rw.fau.eu\/wp-json\/wp\/v2\/page_category?post=2062"},{"taxonomy":"page_tag","embeddable":true,"href":"https:\/\/www.digitaltransformation.rw.fau.eu\/wp-json\/wp\/v2\/page_tag?post=2062"}],"curies":[{"name":"wp","href":"https:\/\/api.w.org\/{rel}","templated":true}]}}