{"id":2069,"date":"2023-10-19T10:05:15","date_gmt":"2023-10-19T08:05:15","guid":{"rendered":"https:\/\/www.digitaltransformation.rw.fau.eu\/?page_id=2069"},"modified":"2025-05-07T23:01:22","modified_gmt":"2025-05-07T21:01:22","slug":"smart-sensor-basiertes-heizungsmanagement-in-nichtwohngebauden-thermal-comfort-as-a-service-tcaas","status":"publish","type":"page","link":"https:\/\/www.digitaltransformation.rw.fau.eu\/de\/research\/persusasive-technologies\/smart-sensor-basiertes-heizungsmanagement-in-nichtwohngebauden-thermal-comfort-as-a-service-tcaas\/","title":{"rendered":"Thermal Comfort as a Service (TCaaS): Smart-Sensor-basiertes Energiemanagement in Nicht-Wohngeb\u00e4uden"},"content":{"rendered":"<p><strong>Herausforderung<\/strong><\/p>\n<p style=\"font-weight: 400\">Nichtwohngeb\u00e4ude sind in Deutschland f\u00fcr 43 % des geb\u00e4udebezogenen Energieverbrauchs verantwortlich, der Gro\u00dfteil davon wird zur Heizung eingesetzt (<a href=\"https:\/\/www.dena.de\/fileadmin\/user_upload\/8162_dena-Gebaeudereport.pdf\">Dena-Geb\u00e4udereport, 2016<\/a>). Viele dieser Geb\u00e4ude werden rund um die Uhr im \u201eSteady-State\u201c-Betrieb mit wenig oder gar keinem Management betrieben. Es besteht also ein signifikantes Einsparpotenzial, so auch bei \u201clow-hanging fruits\u201d wie einer Nacht- oder Wochenendabschaltung der Heizung. Diese Ma\u00dfnahmen k\u00f6nnen die Energieeffizienz von Geb\u00e4uden verbessern, erfordern aber keine komplexen technischen L\u00f6sungen.<\/p>\n<p><strong>Ansatz<\/strong><\/p>\n<p style=\"font-weight: 400\">Digitale Technologien wie intelligente Thermostate\/Z\u00e4hler oder Fenstersensoren erm\u00f6glichen es Geb\u00e4udemanagern, M\u00f6glichkeiten zur Energieeinsparung zu erkennen und zu nutzen.\u00a0Das Team von <a href=\"https:\/\/www.encn.de\/person\/pircher-thomas\">Thomas Pircher<\/a> am <a href=\"https:\/\/www.encn.de\/\">AEG campus<\/a> ist derzeit damit besch\u00e4ftigt, smarte Sensoren in ca. 70 B\u00fcros einzurichten. Diese werden u.a. Temperatur, Luftqualit\u00e4ts-Marker, \u00d6ffnungszustand von Fenstern und T\u00fcren, in 15-min\u00fctigen Intervallen, f\u00fcr eine Dauer von mindestens zwei Jahren aufzeichnen. Diese Daten sollen Einblicke in Ver\u00e4nderungen in der Energienutzung erm\u00f6glichen und die Effekte von Verhaltensinterventionen auf die Energienutzung messen.<\/p>\n<p><em><img loading=\"lazy\" decoding=\"async\" class=\"alignnone wp-image-2105 size-large\" src=\"https:\/\/www.digitaltransformation.rw.fau.eu\/files\/2023\/10\/Image20231019132036-1024x670.png\" alt=\"\" srcset=\"https:\/\/www.digitaltransformation.rw.fau.eu\/files\/2023\/10\/Image20231019132036-1024x670.png 1024w, https:\/\/www.digitaltransformation.rw.fau.eu\/files\/2023\/10\/Image20231019132036-300x196.png 300w, https:\/\/www.digitaltransformation.rw.fau.eu\/files\/2023\/10\/Image20231019132036-768x502.png 768w, https:\/\/www.digitaltransformation.rw.fau.eu\/files\/2023\/10\/Image20231019132036-1536x1005.png 1536w, https:\/\/www.digitaltransformation.rw.fau.eu\/files\/2023\/10\/Image20231019132036-140x92.png 140w, https:\/\/www.digitaltransformation.rw.fau.eu\/files\/2023\/10\/Image20231019132036-367x240.png 367w, https:\/\/www.digitaltransformation.rw.fau.eu\/files\/2023\/10\/Image20231019132036-480x314.png 480w, https:\/\/www.digitaltransformation.rw.fau.eu\/files\/2023\/10\/Image20231019132036-718x470.png 718w, https:\/\/www.digitaltransformation.rw.fau.eu\/files\/2023\/10\/Image20231019132036.png 1978w\" \/><\/em><\/p>\n<p><span style=\"font-size: 10pt\"><em>Dashboard-Ansicht der Sensoren im Showroom<\/em><\/span><\/p>\n<p style=\"font-weight: 400\">Teil des Projektteams ist Senior Sch\u00f6ller-Fellow <a href=\"https:\/\/orcid.org\/0000-0003-0664-8337\">Prof. Dr. Richard Watson<\/a>, der in einem <a href=\"https:\/\/www.sciencedirect.com\/science\/article\/pii\/S036013231830708X\/pdf\">Energieeffizienz-Projekt<\/a> am Campus der University of Georgia erfolgreich gezeigt hat, dass der Energieverbrauch f\u00fcr die Heizung in Universit\u00e4tsgeb\u00e4uden erheblich reduziert werden kann, indem die eingestellte Temperatur an das bevorzugte Niveau des thermischen Komforts der Studierenden angepasst wird.<\/p>\n<p><strong>Finanzierung<\/strong><\/p>\n<p>Dieses Forschungsprojekt wird finanziert \u00fcber das Bayerische Staatsministerium f\u00fcr Wissenschaft und Kunst, in einem vom Bayerischen Forschungsinstitut f\u00fcr Digitale Transformation (bidt) und von der Sch\u00f6ller-Stiftung koordinierten Programm.<\/p>\n<p><strong>Team<\/strong><\/p>\n<p><a href=\"https:\/\/www.digitaltransformation.rw.fau.eu\/team\/researchers\/leonie-manzke\/\">Leonie Manzke<\/a>, <a href=\"https:\/\/www.digitaltransformation.rw.fau.eu\/de\/team\/prof-dr-verena-tiefenbeck\/\">Verena Tiefenbeck<\/a>, Projektpartner: <a href=\"https:\/\/orcid.org\/0000-0003-0664-8337\">Richard Watson<\/a> (Digital Frontier Partners), <a href=\"https:\/\/www.encn.de\/person\/pircher-thomas\">Thomas Pircher<\/a> (EnCN), <a href=\"https:\/\/cenero.one\/\">Cenero.one<\/a><\/p>\n<p><strong>\u00a0<\/strong><\/p>\n","protected":false},"excerpt":{"rendered":"<p>Herausforderung Nichtwohngeb\u00e4ude sind in Deutschland f\u00fcr 43 % des geb\u00e4udebezogenen Energieverbrauchs verantwortlich, der Gro\u00dfteil davon wird zur Heizung eingesetzt (Dena-Geb\u00e4udereport, 2016). Viele dieser Geb\u00e4ude werden rund um die Uhr im \u201eSteady-State\u201c-Betrieb mit wenig oder gar keinem Management betrieben. Es besteht also ein signifikantes Einsparpotenzial, so auch bei \u201clow-hanging fruits\u201d wie einer Nacht- oder Wochenendabschaltung der [&hellip;]<\/p>\n","protected":false},"author":2613,"featured_media":0,"parent":1603,"menu_order":2,"comment_status":"closed","ping_status":"closed","template":"page-templates\/page-subnav.php","meta":{"_rrze_cache":"enabled","_rrze_multilang_single_locale":"de_DE","_rrze_multilang_single_source":"https:\/\/www.digitaltransformation.rw.fau.eu\/?page_id=2069","footnotes":""},"page_category":[],"page_tag":[],"class_list":["post-2069","page","type-page","status-publish","hentry","de-DE"],"_links":{"self":[{"href":"https:\/\/www.digitaltransformation.rw.fau.eu\/wp-json\/wp\/v2\/pages\/2069","targetHints":{"allow":["GET"]}}],"collection":[{"href":"https:\/\/www.digitaltransformation.rw.fau.eu\/wp-json\/wp\/v2\/pages"}],"about":[{"href":"https:\/\/www.digitaltransformation.rw.fau.eu\/wp-json\/wp\/v2\/types\/page"}],"author":[{"embeddable":true,"href":"https:\/\/www.digitaltransformation.rw.fau.eu\/wp-json\/wp\/v2\/users\/2613"}],"replies":[{"embeddable":true,"href":"https:\/\/www.digitaltransformation.rw.fau.eu\/wp-json\/wp\/v2\/comments?post=2069"}],"version-history":[{"count":10,"href":"https:\/\/www.digitaltransformation.rw.fau.eu\/wp-json\/wp\/v2\/pages\/2069\/revisions"}],"predecessor-version":[{"id":2728,"href":"https:\/\/www.digitaltransformation.rw.fau.eu\/wp-json\/wp\/v2\/pages\/2069\/revisions\/2728"}],"up":[{"embeddable":true,"href":"https:\/\/www.digitaltransformation.rw.fau.eu\/wp-json\/wp\/v2\/pages\/1603"}],"wp:attachment":[{"href":"https:\/\/www.digitaltransformation.rw.fau.eu\/wp-json\/wp\/v2\/media?parent=2069"}],"wp:term":[{"taxonomy":"page_category","embeddable":true,"href":"https:\/\/www.digitaltransformation.rw.fau.eu\/wp-json\/wp\/v2\/page_category?post=2069"},{"taxonomy":"page_tag","embeddable":true,"href":"https:\/\/www.digitaltransformation.rw.fau.eu\/wp-json\/wp\/v2\/page_tag?post=2069"}],"curies":[{"name":"wp","href":"https:\/\/api.w.org\/{rel}","templated":true}]}}