{"id":2885,"date":"2025-10-06T11:26:46","date_gmt":"2025-10-06T09:26:46","guid":{"rendered":"https:\/\/www.digitaltransformation.rw.fau.eu\/?page_id=2885"},"modified":"2026-02-26T11:22:37","modified_gmt":"2026-02-26T10:22:37","slug":"forschung","status":"publish","type":"page","link":"https:\/\/www.digitaltransformation.rw.fau.eu\/de\/startseite\/forschung\/","title":{"rendered":"Forschung"},"content":{"rendered":"\n<p>Digitale Technologien (einschlie\u00dflich intelligenter Stromz\u00e4hler, Smartphones und Wearables) sind in unserem t\u00e4glichen Leben allgegenw\u00e4rtig. Unsere Forschungsgruppe nutzt diese Technologien und quantitative empirische Methoden, um Erkenntnisse \u00fcber das menschliche Verhalten in der realen Welt zu gewinnen und kontextspezifische Instrumente zur Verhaltens\u00e4nderung zu entwickeln.<\/p>\n\n\n\n<p><strong>Forschungsumfeld<\/strong><br>Die Forschungsgruppe <strong>Digitale Transformation \u2013 Bits to Energy Lab N\u00fcrnberg<\/strong> wurde 2019 an der Friedrich-Alexander-Universit\u00e4t Erlangen-N\u00fcrnberg eingerichtet. Die meisten der aktuellen Projekte des Bits to Energy Lab N\u00fcrnberg werden durch eine Forschungsf\u00f6rderung des Bayerischen Staatsministeriums f\u00fcr Wissenschaft und Kunst finanziert, die nun vom Bayerischen Forschungsinstitut f\u00fcr Digitale Transformation (bidt) koordiniert wird.<\/p>\n\n\n\n<p>Das Team arbeitet mit internationalen Partnern aus Wissenschaft und Industrie zusammen und pflegt insbesondere enge Beziehungen zu den anderen Mitgliedern der Forschungsallianz <strong>Bits to Energy Lab (B2E).<\/strong> Unsere B2E-Schwesterlabore befinden sich an der <a href=\"https:\/\/im.ethz.ch\/\">ETH Z\u00fcrich<\/a>, der <a href=\"https:\/\/www.uni-bamberg.de\/en\/eesys\/\">Universit\u00e4t Bamberg<\/a> und der <a href=\"https:\/\/www.unisg.ch\/de\/\">Universit\u00e4t St. Gallen<\/a>.<\/p>\n\n\n\n<div style=\"height:24px\" aria-hidden=\"true\" class=\"wp-block-spacer\"><\/div>\n\n\n\n<nav class=\"fau-portal-menu\" aria-label=\"Portalmen\u00fc\">\n<ul id=\"menu-portal_research\" class=\"menu\">\t<li class=\"fau-portal-item\">\n\t\t<div class=\"fau-portal-thumbnail\"><img decoding=\"async\" src=\"https:\/\/www.digitaltransformation.rw.fau.eu\/files\/2025\/10\/ChatGPT-Image-Oct-28-2025-at-09_45_49-PM-768x512.png\" alt=\"Beitragsbild f\u00fcr Digitale Interventionen f\u00fcr gesundes und nachhaltiges Konsumverhalten\" loading=\"lazy\"><\/div>\n\t\t<div class=\"fau-portal-wrapper\"><div class=\"fau-portal-content\">\n\t\t\t<a href=\"https:\/\/www.digitaltransformation.rw.fau.eu\/de\/startseite\/forschung\/digitale-interventionen-fuer-gesundes-und-nachhaltiges-konsumverhalten\/\">Digitale Interventionen f\u00fcr gesundes und nachhaltiges Konsumverhalten<span><\/span><\/a>\n\t\t<\/div><\/div>\n\t<\/li>\n\t<li class=\"fau-portal-item\">\n\t\t<div class=\"fau-portal-thumbnail\"><img decoding=\"async\" src=\"https:\/\/www.digitaltransformation.rw.fau.eu\/files\/2025\/10\/ChatGPT-Image-Oct-28-2025-at-10_37_44-PM-768x512.png\" alt=\"Beitragsbild f\u00fcr KI in der Arbeitswelt:\u00a0Unternehmensdaten\u00a0als\u00a0Ressource\u00a0f\u00fcr\u00a0pers\u00f6nliche Weiterentwicklung\" loading=\"lazy\"><\/div>\n\t\t<div class=\"fau-portal-wrapper\"><div class=\"fau-portal-content\">\n\t\t\t<a href=\"https:\/\/www.digitaltransformation.rw.fau.eu\/de\/startseite\/forschung\/ki-in-der-arbeitswelt-unternehmensdaten-als-ressource-fuer-persoenliche-weiterentwicklung\/\">KI in der Arbeitswelt:\u00a0Unternehmensdaten\u00a0als\u00a0Ressource\u00a0f\u00fcr\u00a0pers\u00f6nliche Weiterentwicklung<span><\/span><\/a>\n\t\t<\/div><\/div>\n\t<\/li>\n\t<li class=\"fau-portal-item\">\n\t\t<div class=\"fau-portal-thumbnail\"><img decoding=\"async\" src=\"https:\/\/www.digitaltransformation.rw.fau.eu\/files\/2025\/10\/ChatGPT-Image-Oct-28-2025-at-09_46_00-PM-768x512.png\" alt=\"Beitragsbild f\u00fcr Digitale Transformation des Energiesektors\" loading=\"lazy\"><\/div>\n\t\t<div class=\"fau-portal-wrapper\"><div class=\"fau-portal-content\">\n\t\t\t<a href=\"https:\/\/www.digitaltransformation.rw.fau.eu\/de\/startseite\/forschung\/digitale-transformation-des-energiesektors\/\">Digitale Transformation des Energiesektors<span><\/span><\/a>\n\t\t<\/div><\/div>\n\t<\/li>\n\t<li class=\"fau-portal-item\">\n\t\t<div class=\"fau-portal-thumbnail\"><img decoding=\"async\" src=\"https:\/\/www.digitaltransformation.rw.fau.eu\/files\/2025\/10\/ChatGPT-Image-Oct-31-2025-at-10_35_04-AM-768x512.png\" alt=\"Beitragsbild f\u00fcr Entscheidungsfindung durch Menschen und KI sowie Datenaustausch\" loading=\"lazy\"><\/div>\n\t\t<div class=\"fau-portal-wrapper\"><div class=\"fau-portal-content\">\n\t\t\t<a href=\"https:\/\/www.digitaltransformation.rw.fau.eu\/de\/startseite\/forschung\/entscheidungsfindung-durch-menschen-und-ki-sowie-datenaustausch\/\">Entscheidungsfindung durch Menschen und KI sowie Datenaustausch<span><\/span><\/a>\n\t\t<\/div><\/div>\n\t<\/li>\n<\/ul><\/nav>\n","protected":false},"excerpt":{"rendered":"<p>Digitale Technologien (einschlie\u00dflich intelligenter Stromz\u00e4hler, Smartphones und Wearables) sind in unserem t\u00e4glichen Leben allgegenw\u00e4rtig. Unsere Forschungsgruppe nutzt diese Technologien und quantitative empirische Methoden, um Erkenntnisse \u00fcber das menschliche Verhalten in der realen Welt zu gewinnen und kontextspezifische Instrumente zur Verhaltens\u00e4nderung zu entwickeln. ForschungsumfeldDie Forschungsgruppe Digitale Transformation \u2013 Bits to Energy Lab N\u00fcrnberg wurde 2019 an [&hellip;]<\/p>\n","protected":false},"author":2613,"featured_media":0,"parent":1338,"menu_order":0,"comment_status":"closed","ping_status":"closed","template":"","meta":{"_rrze_cache":"enabled","_rrze_multilang_single_locale":"de_DE","_rrze_multilang_single_source":"https:\/\/www.digitaltransformation.rw.fau.eu\/?page_id=2885","footnotes":""},"page_category":[22],"page_tag":[],"class_list":["post-2885","page","type-page","status-publish","hentry","page_category-allgemein","de-DE"],"_links":{"self":[{"href":"https:\/\/www.digitaltransformation.rw.fau.eu\/wp-json\/wp\/v2\/pages\/2885","targetHints":{"allow":["GET"]}}],"collection":[{"href":"https:\/\/www.digitaltransformation.rw.fau.eu\/wp-json\/wp\/v2\/pages"}],"about":[{"href":"https:\/\/www.digitaltransformation.rw.fau.eu\/wp-json\/wp\/v2\/types\/page"}],"author":[{"embeddable":true,"href":"https:\/\/www.digitaltransformation.rw.fau.eu\/wp-json\/wp\/v2\/users\/2613"}],"replies":[{"embeddable":true,"href":"https:\/\/www.digitaltransformation.rw.fau.eu\/wp-json\/wp\/v2\/comments?post=2885"}],"version-history":[{"count":9,"href":"https:\/\/www.digitaltransformation.rw.fau.eu\/wp-json\/wp\/v2\/pages\/2885\/revisions"}],"predecessor-version":[{"id":3342,"href":"https:\/\/www.digitaltransformation.rw.fau.eu\/wp-json\/wp\/v2\/pages\/2885\/revisions\/3342"}],"up":[{"embeddable":true,"href":"https:\/\/www.digitaltransformation.rw.fau.eu\/wp-json\/wp\/v2\/pages\/1338"}],"wp:attachment":[{"href":"https:\/\/www.digitaltransformation.rw.fau.eu\/wp-json\/wp\/v2\/media?parent=2885"}],"wp:term":[{"taxonomy":"page_category","embeddable":true,"href":"https:\/\/www.digitaltransformation.rw.fau.eu\/wp-json\/wp\/v2\/page_category?post=2885"},{"taxonomy":"page_tag","embeddable":true,"href":"https:\/\/www.digitaltransformation.rw.fau.eu\/wp-json\/wp\/v2\/page_tag?post=2885"}],"curies":[{"name":"wp","href":"https:\/\/api.w.org\/{rel}","templated":true}]}}