{"id":2919,"date":"2025-09-11T13:16:03","date_gmt":"2025-09-11T11:16:03","guid":{"rendered":"https:\/\/www.digitaltransformation.rw.fau.eu\/?page_id=2919"},"modified":"2025-11-13T12:51:38","modified_gmt":"2025-11-13T11:51:38","slug":"entscheidungsfindung-durch-menschen-und-ki-sowie-datenaustausch","status":"publish","type":"page","link":"https:\/\/www.digitaltransformation.rw.fau.eu\/de\/startseite\/forschung\/entscheidungsfindung-durch-menschen-und-ki-sowie-datenaustausch\/","title":{"rendered":"Entscheidungsfindung durch Menschen und KI sowie Datenaustausch"},"content":{"rendered":"\n<p><strong>Wir untersuchen, wie die Zusammenarbeit zwischen Mensch und KI so gestaltet werden kann, dass sie das menschliche Urteilsverm\u00f6gen st\u00e4rkt, anstatt es zu untergraben.<\/strong><\/p>\n\n\n\n<p>KI ver\u00e4ndert die Art und Weise, wie Entscheidungen im privaten und beruflichen Umfeld getroffen werden. Wir untersuchen, wann und warum Menschen KI um Rat fragen, wie sie mit ihren Empfehlungen umgehen, inwieweit sie sich auf sie verlassen und was ihre Wahrnehmung von Fairness und Transparenz pr\u00e4gt. Unsere Forschung untersucht au\u00dferdem die (meta-)kognitiven Mechanismen und sozialen Dynamiken der Interaktion zwischen Mensch und KI, die Faktoren, die den Datenaustausch f\u00f6rdern oder behindern, sowie die Entwicklung von Tools, um die Zur\u00fcckhaltung gegen\u00fcber KI zu erfassen. Zusammen zielen diese Projekte darauf ab, Wege f\u00fcr eine verantwortungsvolle Zusammenarbeit zwischen Mensch und KI aufzuzeigen \u2013 um die Vorteile der KI zu nutzen und gleichzeitig die Handlungsf\u00e4higkeit und das kritische Denken des Menschen zu bewahren.<\/p>\n\n\n\n<h2 class=\"wp-block-heading\">Aktuelle Projekte<\/h2>\n\n\n\n<ul class=\"wp-block-list\">\n<li>Human meta-cognition in AI-assisted decision-making<\/li>\n\n\n\n<li>Data sharing with AI vs. with humans<\/li>\n\n\n\n<li>Persuasive strategies for Duolingo data sharing<\/li>\n\n\n\n<li>Measuring human reluctance toward algorithmic decision-making<\/li>\n<\/ul>\n\n\n\n<h2 class=\"wp-block-heading\">Abgeschlossene Projekte<\/h2>\n\n\n\n<ul class=\"wp-block-list\">\n<li>Adoption of algorithmic advice in human resources<\/li>\n<\/ul>\n\n\n<div class=\"wp-block-rrze-elements-collapsibles \"><div class=\"accordion\">\n<div class=\"wp-block-rrze-elements-collapse \"><div class=\"accordion-group \"><h2 class=\"accordion-heading\"><button class=\"accordion-toggle\" data-toggle=\"collapse\" data-name=\"publikationen\" data-href=\"#publikationen\" type=\"button\" aria-expanded=\"false\" aria-controls=\"publikationen-section\" id=\"publikationen\">Publikationen<\/button><\/h2><div id=\"publikationen-section\" class=\"accordion-body \" aria-labelledby=\"publikationen\" role=\"region\" name=\"publikationen\"><div class=\"accordion-inner clearfix\">\n\n<ul class=\"wp-block-list\">\n<li>Ochmann, J., Zilker, S., Michels, L., Laumer, S., Tiefenbeck, V., Matzner, M. (2025), <em>The effects of information and incentive interventions on the adoption of algorithms in human resources: An experimental study<\/em>. Accepted in <strong>The DATA BASE for Advances in Information Systems<\/strong><ins>, <em>56<\/em>(1), 44-60.<\/ins><\/li>\n\n\n\n<li>Ochmann, J., Michels, L., Tiefenbeck, V., Maier, C., Laumer, S. (2024), <em>Perceived algorithmic fairness: An empirical study of transparency and anthropomorphism in algorithmic recruiting.<\/em> <strong>Information Systems Journal<\/strong>, <a href=\"https:\/\/doi.org\/10.1111\/isj.12482\">doi.org\/10.1111\/isj.12482<\/a>.<\/li>\n\n\n\n<li>Schneider, L., Kharlamova, M., (2025), <em>Mind Over Machine: Navigating Human Metacognition When Using Generative AI<\/em>. ICIS 2025 Proceedings, Nashville, USA.<\/li>\n<\/ul>\n\n<\/div><\/div><\/div><\/div>\n<\/div><\/div>","protected":false},"excerpt":{"rendered":"<p>Wir untersuchen, wie die Zusammenarbeit zwischen Mensch und KI so gestaltet werden kann, dass sie das menschliche Urteilsverm\u00f6gen st\u00e4rkt, anstatt es zu untergraben. KI ver\u00e4ndert die Art und Weise, wie Entscheidungen im privaten und beruflichen Umfeld getroffen werden. Wir untersuchen, wann und warum Menschen KI um Rat fragen, wie sie mit ihren Empfehlungen umgehen, inwieweit [&hellip;]<\/p>\n","protected":false},"author":2613,"featured_media":3170,"parent":2885,"menu_order":2,"comment_status":"closed","ping_status":"closed","template":"page-templates\/page-subnav.php","meta":{"_rrze_cache":"enabled","_rrze_multilang_single_locale":"de_DE","_rrze_multilang_single_source":"https:\/\/www.digitaltransformation.rw.fau.eu\/?page_id=2919","footnotes":""},"page_category":[22],"page_tag":[],"class_list":["post-2919","page","type-page","status-publish","has-post-thumbnail","hentry","page_category-allgemein","de-DE"],"_links":{"self":[{"href":"https:\/\/www.digitaltransformation.rw.fau.eu\/wp-json\/wp\/v2\/pages\/2919","targetHints":{"allow":["GET"]}}],"collection":[{"href":"https:\/\/www.digitaltransformation.rw.fau.eu\/wp-json\/wp\/v2\/pages"}],"about":[{"href":"https:\/\/www.digitaltransformation.rw.fau.eu\/wp-json\/wp\/v2\/types\/page"}],"author":[{"embeddable":true,"href":"https:\/\/www.digitaltransformation.rw.fau.eu\/wp-json\/wp\/v2\/users\/2613"}],"replies":[{"embeddable":true,"href":"https:\/\/www.digitaltransformation.rw.fau.eu\/wp-json\/wp\/v2\/comments?post=2919"}],"version-history":[{"count":7,"href":"https:\/\/www.digitaltransformation.rw.fau.eu\/wp-json\/wp\/v2\/pages\/2919\/revisions"}],"predecessor-version":[{"id":3183,"href":"https:\/\/www.digitaltransformation.rw.fau.eu\/wp-json\/wp\/v2\/pages\/2919\/revisions\/3183"}],"up":[{"embeddable":true,"href":"https:\/\/www.digitaltransformation.rw.fau.eu\/wp-json\/wp\/v2\/pages\/2885"}],"wp:featuredmedia":[{"embeddable":true,"href":"https:\/\/www.digitaltransformation.rw.fau.eu\/wp-json\/wp\/v2\/media\/3170"}],"wp:attachment":[{"href":"https:\/\/www.digitaltransformation.rw.fau.eu\/wp-json\/wp\/v2\/media?parent=2919"}],"wp:term":[{"taxonomy":"page_category","embeddable":true,"href":"https:\/\/www.digitaltransformation.rw.fau.eu\/wp-json\/wp\/v2\/page_category?post=2919"},{"taxonomy":"page_tag","embeddable":true,"href":"https:\/\/www.digitaltransformation.rw.fau.eu\/wp-json\/wp\/v2\/page_tag?post=2919"}],"curies":[{"name":"wp","href":"https:\/\/api.w.org\/{rel}","templated":true}]}}