{"id":2930,"date":"2025-10-06T11:41:13","date_gmt":"2025-10-06T09:41:13","guid":{"rendered":"https:\/\/www.digitaltransformation.rw.fau.eu\/?page_id=2930"},"modified":"2025-10-31T14:50:23","modified_gmt":"2025-10-31T13:50:23","slug":"digitale-transformation-des-energiesektors","status":"publish","type":"page","link":"https:\/\/www.digitaltransformation.rw.fau.eu\/de\/startseite\/forschung\/digitale-transformation-des-energiesektors\/","title":{"rendered":"Digitale Transformation des Energiesektors"},"content":{"rendered":"\n<p><strong>Wir entwickeln und bewerten techno-\u00f6konomische Modelle \u2013 erg\u00e4nzt durch datengest\u00fctzte Analysen und Entscheidungshilfen \u2013, um Energiesysteme und -technologien zu bewerten und Entscheidungstr\u00e4ger dabei zu unterst\u00fctzen, die Chancen und Herausforderungen der Energiewende zu meistern.<\/strong><\/p>\n\n\n\n<p>Die fortschreitende Verbreitung von Technologien wie W\u00e4rmepumpen, Elektrofahrzeugen und Photovoltaikanlagen im Rahmen der Energiewende bringt&nbsp;zahlreiche&nbsp;Herausforderungen&nbsp;mit&nbsp;sich \u2013 nicht nur f\u00fcr das Stromnetz, sondern auch f\u00fcr Unternehmen, private Haushalte, Gesetzgeber und die Gesellschaft insgesamt. Entscheidungstr\u00e4ger stehen vor neuen Investitionsentscheidungen, strukturellen Ver\u00e4nderungen auf dem Arbeitsmarkt, sich wandelnden rechtlichen Rahmenbedingungen und sich ver\u00e4ndernden sozialen Normen. Diese Entwicklungen werfen dr\u00e4ngende Fragen hinsichtlich der wirtschaftlichen und technischen Machbarkeit solcher Technologien auf: Wie rentabel sind sie in bestimmten Kontexten? Und wie k\u00f6nnen sie den Betrieb bestehender und k\u00fcnftiger Energienetze unterst\u00fctzen?<\/p>\n\n\n\n<p>Ein Schwerpunkt dieses Forschungsbereichs liegt auf der <strong>Entwicklung techno-\u00f6konomischer Modelle<\/strong> von Energiesystemen und -technologien sowie auf der Bewertung ihrer Leistungsf\u00e4higkeit (z.B.&nbsp;Lastverschiebungspotential,&nbsp;Eigenverbrauch,&nbsp;Wirtschaftlichkeit), um konkrete, umsetzbare Empfehlungen f\u00fcr verschiedene Interessengruppen zu geben. Dies tr\u00e4gt dazu bei, die Wirtschaftlichkeit f\u00fcr Privatanleger sicherzustellen, lokale&nbsp;und&nbsp;regionale&nbsp;energiepolitische&nbsp;Ziele&nbsp;zu&nbsp;erreichen und den zuverl\u00e4ssigen Betrieb bestehender Energienetze in einer sich wandelnden Energielandschaft zu gew\u00e4hrleisten. \u00dcber die Modellierung hinaus untersucht unsere Arbeit auch erg\u00e4nzende Ans\u00e4tze \u2013 wie datengest\u00fctzte Analysen, digitale Betriebs\u00fcberwachung und Entscheidungshilfen \u2013, um die Herausforderungen und Chancen der digitalen Energiewende anzugehen.<\/p>\n\n\n\n<p><\/p>\n\n\n\n<h2 class=\"wp-block-heading\">Aktuelle Projekte<\/h2>\n\n\n\n<ul class=\"wp-block-list\">\n<li>Thermal comfort as a service: Smart-sensor-based energy management in non-residential buildings<\/li>\n\n\n\n<li>Demand-response with electric vehicles: charge later, support the grid now<\/li>\n\n\n\n<li>Local grid vs. global emissions: electric vehicle charging<\/li>\n\n\n\n<li>Quantifying the potential of electric vehicles for demand-side flexibility<\/li>\n<\/ul>\n\n\n\n<h2 class=\"wp-block-heading\">Abgeschlossene Projekte<\/h2>\n\n\n\n<ul class=\"wp-block-list\">\n<li>Solar energy community design: How many members, how many prosumers, what PV system sizes?<\/li>\n\n\n\n<li>Solar PV sharing in urban energy communities<\/li>\n\n\n\n<li>Building citizen support for policy decisions via digital feedback interventions<\/li>\n<\/ul>\n\n\n<div class=\"wp-block-rrze-elements-collapsibles \"><div class=\"accordion\">\n<div class=\"wp-block-rrze-elements-collapse \"><div class=\"accordion-group \"><h2 class=\"accordion-heading\"><button class=\"accordion-toggle\" data-toggle=\"collapse\" data-name=\"publikationen\" data-href=\"#publikationen\" type=\"button\" aria-expanded=\"false\" aria-controls=\"publikationen-section\" id=\"publikationen\">Publikationen<\/button><\/h2><div id=\"publikationen-section\" class=\"accordion-body \" aria-labelledby=\"publikationen\" role=\"region\" name=\"publikationen\"><div class=\"accordion-inner clearfix\">\n\n<ul class=\"wp-block-list\">\n<li>Wagon, F., Graf-Drasch, V., Fridgen, G., Tiefenbeck, V. (2024), <em>Shaping Stable Support: Leveraging Digital Feedback Interventions to Elicit Socio-Political Acceptance of Renewable Energy<\/em>. <strong>Energy Policy<\/strong>.<\/li>\n\n\n\n<li>W\u00f6rner, A., Tiefenbeck, V., Wortmann, F., Meeuw, A., Ableitner, L., Fleisch, E., Azevedo, I. (2022), <em>Bidding on a peer-to-peer energy market \u2013 An exploratory field study.<\/em> <strong>Information Systems Research<\/strong> 33(3), 794-808.<\/li>\n\n\n\n<li>Mehta, P., &amp; Tiefenbeck, V. (2022). <em>Solar PV Sharing in Urban Energy Communities: Impact of Community Configurations on Profitability, Autonomy and the Electric Grid<\/em>. <strong>Sustainable Cities and Society<\/strong> 87, 104178.<\/li>\n\n\n\n<li>Pena-Bello, A., Parra, D., Herberz, M., Tiefenbeck, V., Patel, M., Hahnel, U. (2022), <em>Integration of prosumer peer-to-peer trading decisions into energy community modelling.<\/em> <strong>Nature Energy<\/strong> 7, 74\u201382.<\/li>\n<\/ul>\n\n<\/div><\/div><\/div><\/div>\n<\/div><\/div>\n\n\n<p><\/p>\n","protected":false},"excerpt":{"rendered":"<p>Wir entwickeln und bewerten techno-\u00f6konomische Modelle \u2013 erg\u00e4nzt durch datengest\u00fctzte Analysen und Entscheidungshilfen \u2013, um Energiesysteme und -technologien zu bewerten und Entscheidungstr\u00e4ger dabei zu unterst\u00fctzen, die Chancen und Herausforderungen der Energiewende zu meistern. Die fortschreitende Verbreitung von Technologien wie W\u00e4rmepumpen, Elektrofahrzeugen und Photovoltaikanlagen im Rahmen der Energiewende bringt&nbsp;zahlreiche&nbsp;Herausforderungen&nbsp;mit&nbsp;sich \u2013 nicht nur f\u00fcr das Stromnetz, sondern [&hellip;]<\/p>\n","protected":false},"author":2613,"featured_media":3145,"parent":2885,"menu_order":4,"comment_status":"closed","ping_status":"closed","template":"page-templates\/page-subnav.php","meta":{"_rrze_cache":"enabled","_rrze_multilang_single_locale":"de_DE","_rrze_multilang_single_source":"https:\/\/www.digitaltransformation.rw.fau.eu\/?page_id=2930","footnotes":""},"page_category":[22],"page_tag":[],"class_list":["post-2930","page","type-page","status-publish","has-post-thumbnail","hentry","page_category-allgemein","de-DE"],"_links":{"self":[{"href":"https:\/\/www.digitaltransformation.rw.fau.eu\/wp-json\/wp\/v2\/pages\/2930","targetHints":{"allow":["GET"]}}],"collection":[{"href":"https:\/\/www.digitaltransformation.rw.fau.eu\/wp-json\/wp\/v2\/pages"}],"about":[{"href":"https:\/\/www.digitaltransformation.rw.fau.eu\/wp-json\/wp\/v2\/types\/page"}],"author":[{"embeddable":true,"href":"https:\/\/www.digitaltransformation.rw.fau.eu\/wp-json\/wp\/v2\/users\/2613"}],"replies":[{"embeddable":true,"href":"https:\/\/www.digitaltransformation.rw.fau.eu\/wp-json\/wp\/v2\/comments?post=2930"}],"version-history":[{"count":7,"href":"https:\/\/www.digitaltransformation.rw.fau.eu\/wp-json\/wp\/v2\/pages\/2930\/revisions"}],"predecessor-version":[{"id":3175,"href":"https:\/\/www.digitaltransformation.rw.fau.eu\/wp-json\/wp\/v2\/pages\/2930\/revisions\/3175"}],"up":[{"embeddable":true,"href":"https:\/\/www.digitaltransformation.rw.fau.eu\/wp-json\/wp\/v2\/pages\/2885"}],"wp:featuredmedia":[{"embeddable":true,"href":"https:\/\/www.digitaltransformation.rw.fau.eu\/wp-json\/wp\/v2\/media\/3145"}],"wp:attachment":[{"href":"https:\/\/www.digitaltransformation.rw.fau.eu\/wp-json\/wp\/v2\/media?parent=2930"}],"wp:term":[{"taxonomy":"page_category","embeddable":true,"href":"https:\/\/www.digitaltransformation.rw.fau.eu\/wp-json\/wp\/v2\/page_category?post=2930"},{"taxonomy":"page_tag","embeddable":true,"href":"https:\/\/www.digitaltransformation.rw.fau.eu\/wp-json\/wp\/v2\/page_tag?post=2930"}],"curies":[{"name":"wp","href":"https:\/\/api.w.org\/{rel}","templated":true}]}}